{"id":64,"date":"2021-03-01T21:57:02","date_gmt":"2021-03-01T21:57:02","guid":{"rendered":"http:\/\/liigh.unam.mx\/cvanhout\/?page_id=64"},"modified":"2025-09-02T08:45:51","modified_gmt":"2025-09-02T14:45:51","slug":"join","status":"publish","type":"page","link":"https:\/\/liigh.unam.mx\/cvanhout\/index.php\/join\/","title":{"rendered":"Join | \u00danete"},"content":{"rendered":"\n<p>The lab has opportunities for undergraduate internship and thesis projects, graduate students through the UNAM program biological sciences, and post doctoral trainees. Please contact Cris Van Hout if you are interested in joining the lab! We are currently accepting students through the Biological Sciences program. See admissions requirements at the link below.<\/p>\n\n\n\n<p>El laboratorio tiene oportunidades para pr\u00e1cticas profesionales y proyectos de tesis de pregrado, estudiantes de posgrado a trav\u00e9s del programa de ciencias biol\u00f3gicas de la UNAM y estudiantes de posdoctorado. Comun\u00edquese con Cris Van Hout si est\u00e1 interesado en unirse al laboratorio! Actualmente estamos aceptando estudiantes a trav\u00e9s del programa de Ciencias Biol\u00f3gicas. Consulte los requisitos de admisi\u00f3n en el siguiente enlace.<\/p>\n\n\n\n<p><a href=\"https:\/\/pcbiol.posgrado.unam.mx\/requisitos_admision.html\">https:\/\/pcbiol.posgrado.unam.mx\/requisitos_admision.html<\/a><\/p>\n\n\n\n<div class=\"wp-block-cover is-light\"><img loading=\"lazy\" decoding=\"async\" width=\"800\" height=\"1024\" class=\"wp-block-cover__image-background wp-image-541\" alt=\"\" src=\"https:\/\/liigh.unam.mx\/cvanhout\/wp-content\/uploads\/2024\/09\/CVAN-lab-7-e1726159911990-800x1024.png\" data-object-fit=\"cover\" srcset=\"https:\/\/liigh.unam.mx\/cvanhout\/wp-content\/uploads\/2024\/09\/CVAN-lab-7-e1726159911990-800x1024.png 800w, https:\/\/liigh.unam.mx\/cvanhout\/wp-content\/uploads\/2024\/09\/CVAN-lab-7-e1726159911990-234x300.png 234w, https:\/\/liigh.unam.mx\/cvanhout\/wp-content\/uploads\/2024\/09\/CVAN-lab-7-e1726159911990-768x984.png 768w, https:\/\/liigh.unam.mx\/cvanhout\/wp-content\/uploads\/2024\/09\/CVAN-lab-7-e1726159911990.png 823w\" sizes=\"(max-width: 800px) 100vw, 800px\" \/><span aria-hidden=\"true\" class=\"wp-block-cover__background has-background-dim-0 has-background-dim\"><\/span><div class=\"wp-block-cover__inner-container is-layout-flow wp-block-cover-is-layout-flow\">\n<p class=\"has-text-align-center has-contrast-color has-text-color has-link-color has-large-font-size wp-elements-b2f3023d27ef5a47b6d23e3e1f174daa\"><strong>Estancia&nbsp;Posdoctoral<\/strong><\/p>\n\n\n\n<p class=\"has-contrast-color has-text-color has-link-color has-system-sans-serif-font-family has-small-font-size wp-elements-c91f7f1cb4592b25c796d2a4657fd1a0\"><strong>T\u00edtulo<\/strong><strong>&nbsp;del trabajo:<\/strong>&nbsp;Investigador Posdoctoral en Gen\u00f3mica Estad\u00edstica y Salud Poblacional<\/p>\n\n\n\n<p class=\"has-contrast-color has-text-color has-link-color has-system-sans-serif-font-family has-small-font-size wp-elements-662360e883b313f3f3548e4e75e1f3ae\"><strong>Ubicaci\u00f3n:<\/strong>&nbsp;Laboratorio Internacional de Investigaci\u00f3n sobre el Genoma Humano (LIIGH), Universidad Nacional Aut\u00f3noma de M\u00e9xico, Campus Juriquilla, Quer\u00e9taro.<\/p>\n\n\n\n<p class=\"has-contrast-color has-text-color has-link-color has-system-sans-serif-font-family has-small-font-size wp-elements-87df9b6cc6f712ad109bb8b5bc2a3f20\"><strong>Enfoque del Proyecto:<\/strong>&nbsp;Epidemiolog\u00eda Gen\u00e9tica y Gen\u00e9tica Estad\u00edstica utilizando Datos del Estudio Prospectivo de la Ciudad de M\u00e9xico (MCPS), analizando e interpretando datos gen\u00f3micos de 150,000 individuos, el proyecto gen\u00f3mico m\u00e1s grande a la fecha realizado en poblaci\u00f3n mexicana y latinoamericana.<\/p>\n\n\n\n<p class=\"has-contrast-color has-text-color has-link-color has-system-sans-serif-font-family has-small-font-size wp-elements-f68f4f914c57039e160982c34005a75f\"><strong>Responsabilidades Clave:<\/strong><\/p>\n\n\n\n<ul class=\"wp-block-list\">\n<li class=\"has-contrast-color has-text-color has-link-color has-system-sans-serif-font-family has-small-font-size wp-elements-009ffdad2d877a07dc5cfe810ffd4b3f\">Realizar an\u00e1lisis estad\u00edsticos avanzados para identificar factores gen\u00e9ticos asociados con enfermedades complejas utilizando datos del MCPS y UK Biobank.<\/li>\n\n\n\n<li class=\"has-contrast-color has-text-color has-link-color has-system-sans-serif-font-family has-small-font-size wp-elements-8de264d99ff6278ac3779d8726163ba2\">Colaborar con equipos multidisciplinarios para integrar hallazgos gen\u00e9ticos en la investigaci\u00f3n m\u00e1s amplia de salud poblacional.<\/li>\n\n\n\n<li class=\"has-contrast-color has-text-color has-link-color has-system-sans-serif-font-family has-small-font-size wp-elements-233b8c8826b00522fee1285f4a5faaa2\">Desarrollar e implementar m\u00e9todos estad\u00edsticos novedosos para el an\u00e1lisis de conjuntos de datos gen\u00f3micos a gran escala.<\/li>\n\n\n\n<li class=\"has-contrast-color has-text-color has-link-color has-system-sans-serif-font-family has-small-font-size wp-elements-1cb19088298034539fe86acde4d35047\">Contribuir a la publicaci\u00f3n y difusi\u00f3n de hallazgos de investigaci\u00f3n en revistas indexadas revisadas por pares.<\/li>\n\n\n\n<li class=\"has-contrast-color has-text-color has-link-color has-system-sans-serif-font-family has-small-font-size wp-elements-98fef338862cbf57dfd37491331fc773\">Asesorar y colaborar en el entrenamiento de estudiantes de posgrado y pregrado.<\/li>\n<\/ul>\n\n\n\n<p class=\"has-contrast-color has-text-color has-link-color has-system-sans-serif-font-family has-small-font-size wp-elements-51bc767f61908f2068f5725668735cd6\"><strong>Requisitos Esenciales:<\/strong><\/p>\n\n\n\n<ul class=\"wp-block-list\">\n<li class=\"has-contrast-color has-text-color has-link-color has-system-sans-serif-font-family has-small-font-size wp-elements-f621fa5fdfc59560fef2c0ac08df0c2e\">Doctorado en Gen\u00e9tica\/Gen\u00f3mica, Epidemiolog\u00eda, Estad\u00edsticas o campo af\u00edn.<\/li>\n\n\n\n<li class=\"has-contrast-color has-text-color has-link-color has-system-sans-serif-font-family has-small-font-size wp-elements-91fa1a0d9b20d5b57788f7cb0262bc93\">Experiencia en el uso de lenguajes de programaci\u00f3n y scripting, incluyendo Bash, R y Python (o lenguaje similar) para el an\u00e1lisis y visualizaci\u00f3n de datos.<\/li>\n\n\n\n<li class=\"has-contrast-color has-text-color has-link-color has-system-sans-serif-font-family has-small-font-size wp-elements-a430d0752d2d27a33f637284cbebbb1e\">Excelentes habilidades de comunicaci\u00f3n escrita y verbal en espa\u00f1ol y ingl\u00e9s.<\/li>\n\n\n\n<li class=\"has-contrast-color has-text-color has-link-color has-system-sans-serif-font-family has-small-font-size wp-elements-9fcfc6da72403142cca403122fa594de\">Habilidad para trabajar de manera colaborativa en un entorno orientado a equipos.<\/li>\n<\/ul>\n\n\n\n<p class=\"has-contrast-color has-text-color has-link-color has-system-sans-serif-font-family has-small-font-size wp-elements-d648b92b91f5feb1eae6c661b0b0760c\"><strong>Otras Caracter\u00edsticas Deseables:<\/strong><\/p>\n\n\n\n<ul class=\"wp-block-list\">\n<li class=\"has-contrast-color has-text-color has-link-color has-system-sans-serif-font-family has-small-font-size wp-elements-ba0d9c52806d098ffe3fdb27decd44b4\">Experiencia demostrada en gen\u00e9tica estad\u00edstica, epidemiolog\u00eda gen\u00e9tica y trabajo con conjuntos de datos gen\u00f3micos a gran escala.<\/li>\n<\/ul>\n\n\n\n<ul class=\"wp-block-list has-contrast-color has-text-color has-link-color has-system-sans-serif-font-family has-small-font-size wp-elements-5b12bca89314e6b3b2c527a8c71e1fe0\">\n<li class=\"has-contrast-color has-text-color has-link-color has-system-sans-serif-font-family has-small-font-size wp-elements-5b88d100250629aefa2af31a7e0c64b1\">Experiencia previa en estudios de salud poblacional.<\/li>\n\n\n\n<li class=\"has-contrast-color has-text-color has-link-color has-system-sans-serif-font-family has-small-font-size wp-elements-23ba8b7609a6ffea437d77fbfe64ffdd\">Conocimiento de herramientas y recursos de bioinform\u00e1tica.<\/li>\n\n\n\n<li class=\"has-contrast-color has-text-color has-link-color has-system-sans-serif-font-family has-small-font-size wp-elements-d9ee8f64d2e91ba32d8d258dc0e92cb6\">Historial de publicaciones de impacto en revistas cient\u00edficas relevantes.<\/li>\n<\/ul>\n\n\n\n<p class=\"has-base-2-color has-text-color has-link-color has-system-sans-serif-font-family has-small-font-size wp-elements-359c85e31d39bd59f67d4b8a5af3cf43\"><strong>Proceso de Aplicaci\u00f3n:<\/strong>&nbsp;Los candidatos interesados deben enviar Curr\u00edculum Vitae y carta de presentaci\u00f3n y motivaci\u00f3n detallando su experiencia e intereses de investigaci\u00f3n, as\u00ed como la informaci\u00f3n de tres referencias al Dr. Cris Van Hout:&nbsp;<a href=\"mailto:cvanhout@liigh.unam.mx\">cvanhout@liigh.unam.mx<\/a>.<\/p>\n\n\n\n<p class=\"has-base-2-color has-text-color has-link-color has-system-sans-serif-font-family has-small-font-size wp-elements-b58ff3f471c70c137666b916855fb502\"><strong>Fecha l\u00edmite para la aplicaci\u00f3n:<\/strong>&nbsp;Abierto<\/p>\n\n\n\n<p class=\"has-base-2-color has-text-color has-link-color has-system-sans-serif-font-family has-small-font-size wp-elements-02eaab70613d11c0c38324845b909066\"><strong>Acerca del Laboratorio:&nbsp;<\/strong>El Laboratorio de Gen\u00f3mica Estad\u00edstica y Salud Poblacional en el Campus UNAM Juriquilla Quer\u00e9taro se encuentra a la vanguardia de la investigaci\u00f3n en epidemiolog\u00eda gen\u00e9tica y gen\u00e9tica estad\u00edstica. Nuestro laboratorio se dedica a mejorar la comprensi\u00f3n de la salud de la poblaci\u00f3n mediante la exploraci\u00f3n de conjuntos de datos gen\u00f3micos a gran escala con proyectos de investigaci\u00f3n que incluyen enfermedades comunes y poco frecuentes. Participamos activamente en proyectos colaborativos que aprovechan metodolog\u00edas&nbsp;de vanguardia para desentra\u00f1ar la base gen\u00e9tica de enfermedades complejas e informar estrategias de salud p\u00fablica. \u00danete a nosotros para desentra\u00f1ar las complejidades gen\u00e9ticas de la salud poblacional en Am\u00e9rica Latina y contribuir a investigaciones innovadoras en la intersecci\u00f3n de la gen\u00f3mica estad\u00edstica y la salud p\u00fablica<\/p>\n<\/div><\/div>\n","protected":false},"excerpt":{"rendered":"<p>The lab has opportunities for undergraduate internship and thesis projects, graduate students through the UNAM program biological sciences, and post doctoral trainees. Please contact Cris Van Hout if you are interested in joining the lab! We are currently accepting students through the Biological Sciences program. See admissions requirements at the link below. El laboratorio tiene [&hellip;]<\/p>\n","protected":false},"author":2,"featured_media":0,"parent":0,"menu_order":0,"comment_status":"closed","ping_status":"closed","template":"","meta":{"footnotes":""},"class_list":["post-64","page","type-page","status-publish","hentry"],"_links":{"self":[{"href":"https:\/\/liigh.unam.mx\/cvanhout\/index.php\/wp-json\/wp\/v2\/pages\/64","targetHints":{"allow":["GET"]}}],"collection":[{"href":"https:\/\/liigh.unam.mx\/cvanhout\/index.php\/wp-json\/wp\/v2\/pages"}],"about":[{"href":"https:\/\/liigh.unam.mx\/cvanhout\/index.php\/wp-json\/wp\/v2\/types\/page"}],"author":[{"embeddable":true,"href":"https:\/\/liigh.unam.mx\/cvanhout\/index.php\/wp-json\/wp\/v2\/users\/2"}],"replies":[{"embeddable":true,"href":"https:\/\/liigh.unam.mx\/cvanhout\/index.php\/wp-json\/wp\/v2\/comments?post=64"}],"version-history":[{"count":25,"href":"https:\/\/liigh.unam.mx\/cvanhout\/index.php\/wp-json\/wp\/v2\/pages\/64\/revisions"}],"predecessor-version":[{"id":664,"href":"https:\/\/liigh.unam.mx\/cvanhout\/index.php\/wp-json\/wp\/v2\/pages\/64\/revisions\/664"}],"wp:attachment":[{"href":"https:\/\/liigh.unam.mx\/cvanhout\/index.php\/wp-json\/wp\/v2\/media?parent=64"}],"curies":[{"name":"wp","href":"https:\/\/api.w.org\/{rel}","templated":true}]}}