{"id":627,"date":"2024-09-18T13:43:53","date_gmt":"2024-09-18T19:43:53","guid":{"rendered":"https:\/\/liigh.unam.mx\/cvanhout\/?page_id=627"},"modified":"2024-09-22T09:41:47","modified_gmt":"2024-09-22T15:41:47","slug":"news","status":"publish","type":"page","link":"https:\/\/liigh.unam.mx\/cvanhout\/index.php\/news\/","title":{"rendered":"News"},"content":{"rendered":"\n<p class=\"has-text-align-center\">This is some of the work that has been done at out laboratory<\/p>\n\n\n\n<p class=\"has-text-align-center\">Esto es algo del trabajo que realizamos en el laboratorio<\/p>\n\n\n\n<div data-wp-context=\"{}\" data-wp-interactive=\"core\/query\" data-wp-key=\"93\" data-wp-router-region=\"query-93\" class=\"wp-block-query alignfull has-global-padding is-content-justification-center is-layout-constrained wp-container-core-query-is-layout-da1b2e42 wp-block-query-is-layout-constrained\"><ul class=\"wp-block-post-template is-layout-flow wp-container-core-post-template-is-layout-7f1ce2c0 wp-block-post-template-is-layout-flow\"><li data-wp-key=\"post-template-item-618\" class=\"wp-block-post post-618 post type-post status-publish format-standard has-post-thumbnail hentry category-lab-news\">\n\n<div class=\"wp-block-columns alignwide is-layout-flex wp-container-core-columns-is-layout-28f84493 wp-block-columns-is-layout-flex\">\n<div class=\"wp-block-column is-layout-flow wp-block-column-is-layout-flow\" style=\"flex-basis:66.66%\"><figure class=\"wp-block-post-featured-image\"><a href=\"https:\/\/liigh.unam.mx\/cvanhout\/index.php\/2024\/09\/18\/epidemiology-of-cerebrovascular-diseases\/\" target=\"_self\"  ><img loading=\"lazy\" decoding=\"async\" width=\"1280\" height=\"960\" src=\"https:\/\/liigh.unam.mx\/cvanhout\/wp-content\/uploads\/2024\/09\/WhatsApp-Image-2024-09-12-at-11.27.35-AM-1.jpeg\" class=\"attachment-post-thumbnail size-post-thumbnail wp-post-image\" alt=\"Epidemiology of Cerebrovascular diseases\" style=\"object-fit:cover;\" srcset=\"https:\/\/liigh.unam.mx\/cvanhout\/wp-content\/uploads\/2024\/09\/WhatsApp-Image-2024-09-12-at-11.27.35-AM-1.jpeg 1280w, https:\/\/liigh.unam.mx\/cvanhout\/wp-content\/uploads\/2024\/09\/WhatsApp-Image-2024-09-12-at-11.27.35-AM-1-300x225.jpeg 300w, https:\/\/liigh.unam.mx\/cvanhout\/wp-content\/uploads\/2024\/09\/WhatsApp-Image-2024-09-12-at-11.27.35-AM-1-1024x768.jpeg 1024w, https:\/\/liigh.unam.mx\/cvanhout\/wp-content\/uploads\/2024\/09\/WhatsApp-Image-2024-09-12-at-11.27.35-AM-1-768x576.jpeg 768w\" sizes=\"(max-width: 1280px) 100vw, 1280px\" \/><\/a><\/figure><\/div>\n\n\n\n<div class=\"wp-block-column has-medium-font-size is-layout-flow wp-block-column-is-layout-flow\" style=\"flex-basis:33.33%\"><h1 style=\"font-size:clamp(1.039rem, 1.039rem + ((1vw - 0.2rem) * 0.935), 1.6rem);\" class=\"has-text-align-center wp-block-post-title has-system-sans-serif-font-family\"><a href=\"https:\/\/liigh.unam.mx\/cvanhout\/index.php\/2024\/09\/18\/epidemiology-of-cerebrovascular-diseases\/\" target=\"_self\" >Epidemiology of Cerebrovascular diseases<\/a><\/h1>\n\n<div class=\"wp-block-post-excerpt\"><p class=\"wp-block-post-excerpt__excerpt\">Undergraduate student of Neurosciences Leonardo Hern\u00e1ndez presenting his work on the epidemiology of Cerebrovascular Diseases at the Palacio de Medicina from UNAM, CDMX. In the Neurosymposium 2024 <\/p><\/div><\/div>\n<\/div>\n\n<\/li><li data-wp-key=\"post-template-item-264\" class=\"wp-block-post post-264 post type-post status-publish format-standard has-post-thumbnail hentry category-lab-news\">\n\n<div class=\"wp-block-columns alignwide is-layout-flex wp-container-core-columns-is-layout-28f84493 wp-block-columns-is-layout-flex\">\n<div class=\"wp-block-column is-layout-flow wp-block-column-is-layout-flow\" style=\"flex-basis:66.66%\"><figure class=\"wp-block-post-featured-image\"><a href=\"https:\/\/liigh.unam.mx\/cvanhout\/index.php\/2023\/03\/16\/264\/\" target=\"_self\"  ><img loading=\"lazy\" decoding=\"async\" width=\"1024\" height=\"576\" src=\"https:\/\/liigh.unam.mx\/cvanhout\/wp-content\/uploads\/2023\/03\/bbc_reportage.webp\" class=\"attachment-post-thumbnail size-post-thumbnail wp-post-image\" alt=\"Genetic and functional evidence links a missense variant in\u00a0B4GALT1\u00a0to lower LDL and fibrinogen\" style=\"object-fit:cover;\" srcset=\"https:\/\/liigh.unam.mx\/cvanhout\/wp-content\/uploads\/2023\/03\/bbc_reportage.webp 1024w, https:\/\/liigh.unam.mx\/cvanhout\/wp-content\/uploads\/2023\/03\/bbc_reportage-300x169.webp 300w, https:\/\/liigh.unam.mx\/cvanhout\/wp-content\/uploads\/2023\/03\/bbc_reportage-768x432.webp 768w\" sizes=\"(max-width: 1024px) 100vw, 1024px\" \/><\/a><\/figure><\/div>\n\n\n\n<div class=\"wp-block-column has-medium-font-size is-layout-flow wp-block-column-is-layout-flow\" style=\"flex-basis:33.33%\"><h1 style=\"font-size:clamp(1.039rem, 1.039rem + ((1vw - 0.2rem) * 0.935), 1.6rem);\" class=\"has-text-align-center wp-block-post-title has-system-sans-serif-font-family\"><a href=\"https:\/\/liigh.unam.mx\/cvanhout\/index.php\/2023\/03\/16\/264\/\" target=\"_self\" >Genetic and functional evidence links a missense variant in\u00a0B4GALT1\u00a0to lower LDL and fibrinogen<\/a><\/h1>\n\n<div class=\"wp-block-post-excerpt\"><p class=\"wp-block-post-excerpt__excerpt\">A new study suggests one in 100 people with grandparents from the Scottish island of Orkney has a specific mutation of the BRCA1 gene. Collaboration with Universities of Edinburgh and Aberdeen. Publication is covered by the BBC: https:\/\/www.science.org\/doi\/10.1126\/science.abe0348 <\/p><\/div><\/div>\n<\/div>\n\n<\/li><li data-wp-key=\"post-template-item-261\" class=\"wp-block-post post-261 post type-post status-publish format-standard has-post-thumbnail hentry category-lab-news\">\n\n<div class=\"wp-block-columns alignwide is-layout-flex wp-container-core-columns-is-layout-28f84493 wp-block-columns-is-layout-flex\">\n<div class=\"wp-block-column is-layout-flow wp-block-column-is-layout-flow\" style=\"flex-basis:66.66%\"><figure class=\"wp-block-post-featured-image\"><a href=\"https:\/\/liigh.unam.mx\/cvanhout\/index.php\/2023\/03\/07\/261\/\" target=\"_self\"  ><img loading=\"lazy\" decoding=\"async\" width=\"685\" height=\"444\" src=\"https:\/\/liigh.unam.mx\/cvanhout\/wp-content\/uploads\/2023\/03\/man.webp\" class=\"attachment-post-thumbnail size-post-thumbnail wp-post-image\" alt=\"Genome-wide significant risk loci for mood disorders in the Old Order Amish founder population\" style=\"object-fit:cover;\" srcset=\"https:\/\/liigh.unam.mx\/cvanhout\/wp-content\/uploads\/2023\/03\/man.webp 685w, https:\/\/liigh.unam.mx\/cvanhout\/wp-content\/uploads\/2023\/03\/man-300x194.webp 300w\" sizes=\"(max-width: 685px) 100vw, 685px\" \/><\/a><\/figure><\/div>\n\n\n\n<div class=\"wp-block-column has-medium-font-size is-layout-flow wp-block-column-is-layout-flow\" style=\"flex-basis:33.33%\"><h1 style=\"font-size:clamp(1.039rem, 1.039rem + ((1vw - 0.2rem) * 0.935), 1.6rem);\" class=\"has-text-align-center wp-block-post-title has-system-sans-serif-font-family\"><a href=\"https:\/\/liigh.unam.mx\/cvanhout\/index.php\/2023\/03\/07\/261\/\" target=\"_self\" >Genome-wide significant risk loci for mood disorders in the Old Order Amish founder population<\/a><\/h1>\n\n<div class=\"wp-block-post-excerpt\"><p class=\"wp-block-post-excerpt__excerpt\">Genome-wide significant risk loci for mood disorders in the Old Order Amish founder population, led by Elizabeth Humphries at the University of Maryland Baltimore School of Medicine is now out at Molecular Psychiatry. https:\/\/www.nature.com\/articles\/s41380-023-02014-1 <\/p><\/div><\/div>\n<\/div>\n\n<\/li><li data-wp-key=\"post-template-item-260\" class=\"wp-block-post post-260 post type-post status-publish format-standard has-post-thumbnail hentry category-lab-news\">\n\n<div class=\"wp-block-columns alignwide is-layout-flex wp-container-core-columns-is-layout-28f84493 wp-block-columns-is-layout-flex\">\n<div class=\"wp-block-column is-layout-flow wp-block-column-is-layout-flow\" style=\"flex-basis:66.66%\"><figure class=\"wp-block-post-featured-image\"><a href=\"https:\/\/liigh.unam.mx\/cvanhout\/index.php\/2023\/02\/10\/260\/\" target=\"_self\"  ><img loading=\"lazy\" decoding=\"async\" width=\"1125\" height=\"751\" src=\"https:\/\/liigh.unam.mx\/cvanhout\/wp-content\/uploads\/2023\/03\/Screen-Shot-2023-02-23-at-11.47.37-a.m..png\" class=\"attachment-post-thumbnail size-post-thumbnail wp-post-image\" alt=\"Regression Methods D\u00edas Acad\u00e9micos LIIGH 2023\" style=\"object-fit:cover;\" srcset=\"https:\/\/liigh.unam.mx\/cvanhout\/wp-content\/uploads\/2023\/03\/Screen-Shot-2023-02-23-at-11.47.37-a.m..png 1125w, https:\/\/liigh.unam.mx\/cvanhout\/wp-content\/uploads\/2023\/03\/Screen-Shot-2023-02-23-at-11.47.37-a.m.-300x200.png 300w, https:\/\/liigh.unam.mx\/cvanhout\/wp-content\/uploads\/2023\/03\/Screen-Shot-2023-02-23-at-11.47.37-a.m.-1024x684.png 1024w, https:\/\/liigh.unam.mx\/cvanhout\/wp-content\/uploads\/2023\/03\/Screen-Shot-2023-02-23-at-11.47.37-a.m.-768x513.png 768w\" sizes=\"(max-width: 1125px) 100vw, 1125px\" \/><\/a><\/figure><\/div>\n\n\n\n<div class=\"wp-block-column has-medium-font-size is-layout-flow wp-block-column-is-layout-flow\" style=\"flex-basis:33.33%\"><h1 style=\"font-size:clamp(1.039rem, 1.039rem + ((1vw - 0.2rem) * 0.935), 1.6rem);\" class=\"has-text-align-center wp-block-post-title has-system-sans-serif-font-family\"><a href=\"https:\/\/liigh.unam.mx\/cvanhout\/index.php\/2023\/02\/10\/260\/\" target=\"_self\" >Regression Methods D\u00edas Acad\u00e9micos LIIGH 2023<\/a><\/h1>\n\n<div class=\"wp-block-post-excerpt\"><p class=\"wp-block-post-excerpt__excerpt\">X\u00f3chitl D\u00edaz at the D\u00edas Acad\u00e9micos LIIGH talks about her simulation project evaluating different regression methods. <\/p><\/div><\/div>\n<\/div>\n\n<\/li><li data-wp-key=\"post-template-item-255\" class=\"wp-block-post post-255 post type-post status-publish format-standard has-post-thumbnail hentry category-lab-news\">\n\n<div class=\"wp-block-columns alignwide is-layout-flex wp-container-core-columns-is-layout-28f84493 wp-block-columns-is-layout-flex\">\n<div class=\"wp-block-column is-layout-flow wp-block-column-is-layout-flow\" style=\"flex-basis:66.66%\"><figure class=\"wp-block-post-featured-image\"><a href=\"https:\/\/liigh.unam.mx\/cvanhout\/index.php\/2022\/04\/22\/255\/\" target=\"_self\"  ><img loading=\"lazy\" decoding=\"async\" width=\"2128\" height=\"1638\" src=\"https:\/\/liigh.unam.mx\/cvanhout\/wp-content\/uploads\/2022\/04\/ene15218-fig-0001-m.jpg\" class=\"attachment-post-thumbnail size-post-thumbnail wp-post-image\" alt=\"Biallelic truncating variants in the muscular A-typelamin-interacting protein (MLIP) gene cause myopathy withhyperCKemia\" style=\"object-fit:cover;\" srcset=\"https:\/\/liigh.unam.mx\/cvanhout\/wp-content\/uploads\/2022\/04\/ene15218-fig-0001-m.jpg 2128w, https:\/\/liigh.unam.mx\/cvanhout\/wp-content\/uploads\/2022\/04\/ene15218-fig-0001-m-300x231.jpg 300w, https:\/\/liigh.unam.mx\/cvanhout\/wp-content\/uploads\/2022\/04\/ene15218-fig-0001-m-1024x788.jpg 1024w, https:\/\/liigh.unam.mx\/cvanhout\/wp-content\/uploads\/2022\/04\/ene15218-fig-0001-m-768x591.jpg 768w, https:\/\/liigh.unam.mx\/cvanhout\/wp-content\/uploads\/2022\/04\/ene15218-fig-0001-m-1536x1182.jpg 1536w, https:\/\/liigh.unam.mx\/cvanhout\/wp-content\/uploads\/2022\/04\/ene15218-fig-0001-m-2048x1576.jpg 2048w\" sizes=\"(max-width: 2128px) 100vw, 2128px\" \/><\/a><\/figure><\/div>\n\n\n\n<div class=\"wp-block-column has-medium-font-size is-layout-flow wp-block-column-is-layout-flow\" style=\"flex-basis:33.33%\"><h1 style=\"font-size:clamp(1.039rem, 1.039rem + ((1vw - 0.2rem) * 0.935), 1.6rem);\" class=\"has-text-align-center wp-block-post-title has-system-sans-serif-font-family\"><a href=\"https:\/\/liigh.unam.mx\/cvanhout\/index.php\/2022\/04\/22\/255\/\" target=\"_self\" >Biallelic truncating variants in the muscular A-typelamin-interacting protein (MLIP) gene cause myopathy withhyperCKemia<\/a><\/h1>\n\n<div class=\"wp-block-post-excerpt\"><p class=\"wp-block-post-excerpt__excerpt\">Publication led by Liat Salzer\u2010Sheelo, Avi Fellner, and Naama Orenstein at the Schneider Children&#8217;s medical center in Tel Aviv Israel, Biallelic truncating variants in the muscular A\u2010type lamin\u2010interacting protein (MLIP) gene cause myopathy with hyperCKemia is published in the European Journal of Neurology https:\/\/onlinelibrary.wiley.com\/doi\/pdf\/10.1111\/ene.15218 <\/p><\/div><\/div>\n<\/div>\n\n<\/li><li data-wp-key=\"post-template-item-253\" class=\"wp-block-post post-253 post type-post status-publish format-standard has-post-thumbnail hentry category-lab-news\">\n\n<div class=\"wp-block-columns alignwide is-layout-flex wp-container-core-columns-is-layout-28f84493 wp-block-columns-is-layout-flex\">\n<div class=\"wp-block-column is-layout-flow wp-block-column-is-layout-flow\" style=\"flex-basis:66.66%\"><figure class=\"wp-block-post-featured-image\"><a href=\"https:\/\/liigh.unam.mx\/cvanhout\/index.php\/2022\/02\/22\/253\/\" target=\"_self\"  ><img loading=\"lazy\" decoding=\"async\" width=\"2128\" height=\"1932\" src=\"https:\/\/liigh.unam.mx\/cvanhout\/wp-content\/uploads\/2022\/02\/missense_variant_decreases_lipolysis.jpg\" class=\"attachment-post-thumbnail size-post-thumbnail wp-post-image\" alt=\"A missense variant Arg611Cys in\u00a0LIPE\u00a0which encodes hormone sensitive lipase decreases lipolysis and increases risk of type 2 diabetes in American Indians\" style=\"object-fit:cover;\" srcset=\"https:\/\/liigh.unam.mx\/cvanhout\/wp-content\/uploads\/2022\/02\/missense_variant_decreases_lipolysis.jpg 2128w, https:\/\/liigh.unam.mx\/cvanhout\/wp-content\/uploads\/2022\/02\/missense_variant_decreases_lipolysis-300x272.jpg 300w, https:\/\/liigh.unam.mx\/cvanhout\/wp-content\/uploads\/2022\/02\/missense_variant_decreases_lipolysis-1024x930.jpg 1024w, https:\/\/liigh.unam.mx\/cvanhout\/wp-content\/uploads\/2022\/02\/missense_variant_decreases_lipolysis-768x697.jpg 768w, https:\/\/liigh.unam.mx\/cvanhout\/wp-content\/uploads\/2022\/02\/missense_variant_decreases_lipolysis-1536x1395.jpg 1536w, https:\/\/liigh.unam.mx\/cvanhout\/wp-content\/uploads\/2022\/02\/missense_variant_decreases_lipolysis-2048x1859.jpg 2048w\" sizes=\"(max-width: 2128px) 100vw, 2128px\" \/><\/a><\/figure><\/div>\n\n\n\n<div class=\"wp-block-column has-medium-font-size is-layout-flow wp-block-column-is-layout-flow\" style=\"flex-basis:33.33%\"><h1 style=\"font-size:clamp(1.039rem, 1.039rem + ((1vw - 0.2rem) * 0.935), 1.6rem);\" class=\"has-text-align-center wp-block-post-title has-system-sans-serif-font-family\"><a href=\"https:\/\/liigh.unam.mx\/cvanhout\/index.php\/2022\/02\/22\/253\/\" target=\"_self\" >A missense variant Arg611Cys in\u00a0LIPE\u00a0which encodes hormone sensitive lipase decreases lipolysis and increases risk of type 2 diabetes in American Indians<\/a><\/h1>\n\n<div class=\"wp-block-post-excerpt\"><p class=\"wp-block-post-excerpt__excerpt\">Collaborating with the NIDDK, Yunhua Muller lead the publication of the manuscript A missense variant Arg611Cys in LIPE which encodes hormone sensitive lipase decreases lipolysis and increases risk of type 2 diabetes in American Indians, out now in Diabetes\/Metabolism Research and Reviews: https:\/\/onlinelibrary.wiley.com\/doi\/abs\/10.1002\/dmrr.3504 <\/p><\/div><\/div>\n<\/div>\n\n<\/li><li data-wp-key=\"post-template-item-222\" class=\"wp-block-post post-222 post type-post status-publish format-standard has-post-thumbnail hentry category-lab-news\">\n\n<div class=\"wp-block-columns alignwide is-layout-flex wp-container-core-columns-is-layout-28f84493 wp-block-columns-is-layout-flex\">\n<div class=\"wp-block-column is-layout-flow wp-block-column-is-layout-flow\" style=\"flex-basis:66.66%\"><figure class=\"wp-block-post-featured-image\"><a href=\"https:\/\/liigh.unam.mx\/cvanhout\/index.php\/2021\/12\/06\/222\/\" target=\"_self\"  ><img loading=\"lazy\" decoding=\"async\" width=\"2038\" height=\"2560\" src=\"https:\/\/liigh.unam.mx\/cvanhout\/wp-content\/uploads\/2024\/09\/cvan_ldl_GWAS-scaled.jpg\" class=\"attachment-post-thumbnail size-post-thumbnail wp-post-image\" alt=\"Missense Variant associated with lower LDL and Fibrinogen in Old Order Amish\" style=\"object-fit:cover;\" srcset=\"https:\/\/liigh.unam.mx\/cvanhout\/wp-content\/uploads\/2024\/09\/cvan_ldl_GWAS-scaled.jpg 2038w, https:\/\/liigh.unam.mx\/cvanhout\/wp-content\/uploads\/2024\/09\/cvan_ldl_GWAS-239x300.jpg 239w, https:\/\/liigh.unam.mx\/cvanhout\/wp-content\/uploads\/2024\/09\/cvan_ldl_GWAS-815x1024.jpg 815w, https:\/\/liigh.unam.mx\/cvanhout\/wp-content\/uploads\/2024\/09\/cvan_ldl_GWAS-768x965.jpg 768w, https:\/\/liigh.unam.mx\/cvanhout\/wp-content\/uploads\/2024\/09\/cvan_ldl_GWAS-1223x1536.jpg 1223w, https:\/\/liigh.unam.mx\/cvanhout\/wp-content\/uploads\/2024\/09\/cvan_ldl_GWAS-1630x2048.jpg 1630w\" sizes=\"(max-width: 2038px) 100vw, 2038px\" \/><\/a><\/figure><\/div>\n\n\n\n<div class=\"wp-block-column has-medium-font-size is-layout-flow wp-block-column-is-layout-flow\" style=\"flex-basis:33.33%\"><h1 style=\"font-size:clamp(1.039rem, 1.039rem + ((1vw - 0.2rem) * 0.935), 1.6rem);\" class=\"has-text-align-center wp-block-post-title has-system-sans-serif-font-family\"><a href=\"https:\/\/liigh.unam.mx\/cvanhout\/index.php\/2021\/12\/06\/222\/\" target=\"_self\" >Missense Variant associated with lower LDL and Fibrinogen in Old Order Amish<\/a><\/h1>\n\n<div class=\"wp-block-post-excerpt\"><p class=\"wp-block-post-excerpt__excerpt\">Just out in Science. Missense variant in B4GALT1 associated with ~14mg\/dL lower LDL and 30 mg\/dL fibrinogen present in 6% of Lancaster Old Order Amish, extremely rare elsewhere. Decreased risk of CAD in meta analysis of large populations with electronic health records. Really beautiful mouse model that validates B4GALT1 activity and quantitative trait associations observed&hellip; <\/p><\/div><\/div>\n<\/div>\n\n<\/li><li data-wp-key=\"post-template-item-195\" class=\"wp-block-post post-195 post type-post status-publish format-standard has-post-thumbnail hentry category-lab-news\">\n\n<div class=\"wp-block-columns alignwide is-layout-flex wp-container-core-columns-is-layout-28f84493 wp-block-columns-is-layout-flex\">\n<div class=\"wp-block-column is-layout-flow wp-block-column-is-layout-flow\" style=\"flex-basis:66.66%\"><figure class=\"wp-block-post-featured-image\"><a href=\"https:\/\/liigh.unam.mx\/cvanhout\/index.php\/2021\/08\/31\/195\/\" target=\"_self\"  ><img loading=\"lazy\" decoding=\"async\" width=\"2128\" height=\"1026\" src=\"https:\/\/liigh.unam.mx\/cvanhout\/wp-content\/uploads\/2021\/08\/the_burden_pathogenic.jpg\" class=\"attachment-post-thumbnail size-post-thumbnail wp-post-image\" alt=\"The burden of pathogenic variants in clinically actionable genes in a founder population\" style=\"object-fit:cover;\" srcset=\"https:\/\/liigh.unam.mx\/cvanhout\/wp-content\/uploads\/2021\/08\/the_burden_pathogenic.jpg 2128w, https:\/\/liigh.unam.mx\/cvanhout\/wp-content\/uploads\/2021\/08\/the_burden_pathogenic-300x145.jpg 300w, https:\/\/liigh.unam.mx\/cvanhout\/wp-content\/uploads\/2021\/08\/the_burden_pathogenic-1024x494.jpg 1024w, https:\/\/liigh.unam.mx\/cvanhout\/wp-content\/uploads\/2021\/08\/the_burden_pathogenic-768x370.jpg 768w, https:\/\/liigh.unam.mx\/cvanhout\/wp-content\/uploads\/2021\/08\/the_burden_pathogenic-1536x741.jpg 1536w, https:\/\/liigh.unam.mx\/cvanhout\/wp-content\/uploads\/2021\/08\/the_burden_pathogenic-2048x987.jpg 2048w\" sizes=\"(max-width: 2128px) 100vw, 2128px\" \/><\/a><\/figure><\/div>\n\n\n\n<div class=\"wp-block-column has-medium-font-size is-layout-flow wp-block-column-is-layout-flow\" style=\"flex-basis:33.33%\"><h1 style=\"font-size:clamp(1.039rem, 1.039rem + ((1vw - 0.2rem) * 0.935), 1.6rem);\" class=\"has-text-align-center wp-block-post-title has-system-sans-serif-font-family\"><a href=\"https:\/\/liigh.unam.mx\/cvanhout\/index.php\/2021\/08\/31\/195\/\" target=\"_self\" >The burden of pathogenic variants in clinically actionable genes in a founder population<\/a><\/h1>\n\n<div class=\"wp-block-post-excerpt\"><p class=\"wp-block-post-excerpt__excerpt\">&#8216;The burden of pathogenic variants in clinically actionable genes in a founder population&#8217; now available online at the American Journal of Medical Genetics. https:\/\/onlinelibrary.wiley.com\/doi\/10.1002\/ajmg.a.62472 <\/p><\/div><\/div>\n<\/div>\n\n<\/li><li data-wp-key=\"post-template-item-202\" class=\"wp-block-post post-202 post type-post status-publish format-standard has-post-thumbnail hentry category-lab-news\">\n\n<div class=\"wp-block-columns alignwide is-layout-flex wp-container-core-columns-is-layout-28f84493 wp-block-columns-is-layout-flex\">\n<div class=\"wp-block-column is-layout-flow wp-block-column-is-layout-flow\" style=\"flex-basis:66.66%\"><figure class=\"wp-block-post-featured-image\"><a href=\"https:\/\/liigh.unam.mx\/cvanhout\/index.php\/2021\/06\/29\/202\/\" target=\"_self\"  ><img loading=\"lazy\" decoding=\"async\" width=\"1383\" height=\"1626\" src=\"https:\/\/liigh.unam.mx\/cvanhout\/wp-content\/uploads\/2021\/06\/GWAS_serum_alanine.jpg\" class=\"attachment-post-thumbnail size-post-thumbnail wp-post-image\" alt=\"Genome-wide association analysis of serum alanine and aspartate aminotransferase, and the modifying effects of BMI in 388k\u00a0European individuals\" style=\"object-fit:cover;\" srcset=\"https:\/\/liigh.unam.mx\/cvanhout\/wp-content\/uploads\/2021\/06\/GWAS_serum_alanine.jpg 1383w, https:\/\/liigh.unam.mx\/cvanhout\/wp-content\/uploads\/2021\/06\/GWAS_serum_alanine-255x300.jpg 255w, https:\/\/liigh.unam.mx\/cvanhout\/wp-content\/uploads\/2021\/06\/GWAS_serum_alanine-871x1024.jpg 871w, https:\/\/liigh.unam.mx\/cvanhout\/wp-content\/uploads\/2021\/06\/GWAS_serum_alanine-768x903.jpg 768w, https:\/\/liigh.unam.mx\/cvanhout\/wp-content\/uploads\/2021\/06\/GWAS_serum_alanine-1306x1536.jpg 1306w\" sizes=\"(max-width: 1383px) 100vw, 1383px\" \/><\/a><\/figure><\/div>\n\n\n\n<div class=\"wp-block-column has-medium-font-size is-layout-flow wp-block-column-is-layout-flow\" style=\"flex-basis:33.33%\"><h1 style=\"font-size:clamp(1.039rem, 1.039rem + ((1vw - 0.2rem) * 0.935), 1.6rem);\" class=\"has-text-align-center wp-block-post-title has-system-sans-serif-font-family\"><a href=\"https:\/\/liigh.unam.mx\/cvanhout\/index.php\/2021\/06\/29\/202\/\" target=\"_self\" >Genome-wide association analysis of serum alanine and aspartate aminotransferase, and the modifying effects of BMI in 388k\u00a0European individuals<\/a><\/h1>\n\n<div class=\"wp-block-post-excerpt\"><p class=\"wp-block-post-excerpt__excerpt\">&#8216;Genome-wide association analysis of serum alanine and aspartate aminotransferase, and the modifying effects of BMI in 388k&nbsp;European individuals&#8217; is now out at Genetic Epi. https:\/\/onlinelibrary.wiley.com\/doi\/full\/10.1002\/gepi.22392 <\/p><\/div><\/div>\n<\/div>\n\n<\/li><li data-wp-key=\"post-template-item-197\" class=\"wp-block-post post-197 post type-post status-publish format-standard has-post-thumbnail hentry category-lab-news\">\n\n<div class=\"wp-block-columns alignwide is-layout-flex wp-container-core-columns-is-layout-28f84493 wp-block-columns-is-layout-flex\">\n<div class=\"wp-block-column is-layout-flow wp-block-column-is-layout-flow\" style=\"flex-basis:66.66%\"><figure class=\"wp-block-post-featured-image\"><a href=\"https:\/\/liigh.unam.mx\/cvanhout\/index.php\/2021\/06\/11\/197\/\" target=\"_self\"  ><img loading=\"lazy\" decoding=\"async\" width=\"678\" height=\"849\" src=\"https:\/\/liigh.unam.mx\/cvanhout\/wp-content\/uploads\/2021\/06\/GWAS_origin_effects.jpg\" class=\"attachment-post-thumbnail size-post-thumbnail wp-post-image\" alt=\"Genome-wide survey of parent-of-origin-specific associations across clinical traits derived from electronic health records\" style=\"object-fit:cover;\" srcset=\"https:\/\/liigh.unam.mx\/cvanhout\/wp-content\/uploads\/2021\/06\/GWAS_origin_effects.jpg 678w, https:\/\/liigh.unam.mx\/cvanhout\/wp-content\/uploads\/2021\/06\/GWAS_origin_effects-240x300.jpg 240w\" sizes=\"(max-width: 678px) 100vw, 678px\" \/><\/a><\/figure><\/div>\n\n\n\n<div class=\"wp-block-column has-medium-font-size is-layout-flow wp-block-column-is-layout-flow\" style=\"flex-basis:33.33%\"><h1 style=\"font-size:clamp(1.039rem, 1.039rem + ((1vw - 0.2rem) * 0.935), 1.6rem);\" class=\"has-text-align-center wp-block-post-title has-system-sans-serif-font-family\"><a href=\"https:\/\/liigh.unam.mx\/cvanhout\/index.php\/2021\/06\/11\/197\/\" target=\"_self\" >Genome-wide survey of parent-of-origin-specific associations across clinical traits derived from electronic health records<\/a><\/h1>\n\n<div class=\"wp-block-post-excerpt\"><p class=\"wp-block-post-excerpt__excerpt\">&#8216;Genome-wide survey of parent-of-origin-specific associations across clinical traits derived from electronic health records&#8217; is now available at Human Genetics and Genomics Advances. Parent-of-origin (PoO) effects are differential phenotypic impacts of genetic variants dependent on their parental inheritance due to imprinting. While PoO effects can influence complex traits, they may be poorly captured by models that&hellip; <\/p><\/div><\/div>\n<\/div>\n\n<\/li><\/ul><\/div>\n","protected":false},"excerpt":{"rendered":"<p>This is some of the work that has been done at out laboratory Esto es algo del trabajo que realizamos en el laboratorio<\/p>\n","protected":false},"author":3,"featured_media":0,"parent":0,"menu_order":0,"comment_status":"closed","ping_status":"closed","template":"","meta":{"footnotes":""},"class_list":["post-627","page","type-page","status-publish","hentry"],"_links":{"self":[{"href":"https:\/\/liigh.unam.mx\/cvanhout\/index.php\/wp-json\/wp\/v2\/pages\/627","targetHints":{"allow":["GET"]}}],"collection":[{"href":"https:\/\/liigh.unam.mx\/cvanhout\/index.php\/wp-json\/wp\/v2\/pages"}],"about":[{"href":"https:\/\/liigh.unam.mx\/cvanhout\/index.php\/wp-json\/wp\/v2\/types\/page"}],"author":[{"embeddable":true,"href":"https:\/\/liigh.unam.mx\/cvanhout\/index.php\/wp-json\/wp\/v2\/users\/3"}],"replies":[{"embeddable":true,"href":"https:\/\/liigh.unam.mx\/cvanhout\/index.php\/wp-json\/wp\/v2\/comments?post=627"}],"version-history":[{"count":10,"href":"https:\/\/liigh.unam.mx\/cvanhout\/index.php\/wp-json\/wp\/v2\/pages\/627\/revisions"}],"predecessor-version":[{"id":647,"href":"https:\/\/liigh.unam.mx\/cvanhout\/index.php\/wp-json\/wp\/v2\/pages\/627\/revisions\/647"}],"wp:attachment":[{"href":"https:\/\/liigh.unam.mx\/cvanhout\/index.php\/wp-json\/wp\/v2\/media?parent=627"}],"curies":[{"name":"wp","href":"https:\/\/api.w.org\/{rel}","templated":true}]}}