{"id":61,"date":"2021-03-01T21:53:53","date_gmt":"2021-03-01T21:53:53","guid":{"rendered":"http:\/\/liigh.unam.mx\/cvanhout\/?page_id=61"},"modified":"2024-09-05T12:11:27","modified_gmt":"2024-09-05T18:11:27","slug":"home","status":"publish","type":"page","link":"https:\/\/liigh.unam.mx\/cvanhout\/","title":{"rendered":"Home | Inicio"},"content":{"rendered":"\n<div class=\"wp-block-group is-nowrap is-layout-flex wp-container-core-group-is-layout-6c531013 wp-block-group-is-layout-flex\">\n<div class=\"wp-block-columns are-vertically-aligned-center is-layout-flex wp-container-core-columns-is-layout-28f84493 wp-block-columns-is-layout-flex\">\n<div class=\"wp-block-column is-vertically-aligned-center is-layout-flow wp-block-column-is-layout-flow\" style=\"flex-basis:100%\">\n<h1 class=\"wp-block-heading has-text-align-left is-style-default has-xx-large-font-size\">Statistical Genomics and Population Health Laboratory <\/h1>\n<\/div>\n<\/div>\n\n\n\n<figure class=\"wp-block-image size-full is-resized\"><img loading=\"lazy\" decoding=\"async\" width=\"409\" height=\"429\" src=\"https:\/\/liigh.unam.mx\/cvanhout\/wp-content\/uploads\/2024\/09\/CVAN-lab-1-edited-e1725312987635.png\" alt=\"\" class=\"wp-image-384\" style=\"width:356px;height:auto\" srcset=\"https:\/\/liigh.unam.mx\/cvanhout\/wp-content\/uploads\/2024\/09\/CVAN-lab-1-edited-e1725312987635.png 409w, https:\/\/liigh.unam.mx\/cvanhout\/wp-content\/uploads\/2024\/09\/CVAN-lab-1-edited-e1725312987635-286x300.png 286w\" sizes=\"(max-width: 409px) 100vw, 409px\" \/><\/figure>\n<\/div>\n\n\n\n<p class=\"has-text-align-left\"><strong>Laboratorio de Gen\u00f3mica Estad\u00edstica y Salud Poblacional<\/strong><\/p>\n\n\n\n<div class=\"wp-block-columns is-layout-flex wp-container-core-columns-is-layout-28f84493 wp-block-columns-is-layout-flex\">\n<div class=\"wp-block-column is-layout-flow wp-block-column-is-layout-flow\" style=\"flex-basis:33.33%\"><\/div>\n\n\n\n<div class=\"wp-block-column is-layout-flow wp-block-column-is-layout-flow\" style=\"flex-basis:66.66%\"><\/div>\n<\/div>\n\n\n\n<div class=\"wp-block-columns is-layout-flex wp-container-core-columns-is-layout-28f84493 wp-block-columns-is-layout-flex\">\n<div class=\"wp-block-column is-layout-flow wp-block-column-is-layout-flow\" style=\"flex-basis:66.66%\">\n<p><\/p>\n\n\n\n<p>Find us at the International Laboratory For Human Genome Research<\/p>\n\n\n\n<hr class=\"wp-block-separator has-alpha-channel-opacity\"\/>\n\n\n\n<p>Encu\u00e9ntranos en el Laboratorio Internacional de Investigaci\u00f3n sobre el Genoma Humano<\/p>\n<\/div>\n\n\n\n<div class=\"wp-block-column is-layout-flow wp-block-column-is-layout-flow\" style=\"flex-basis:33.33%\">\n<figure class=\"wp-block-image size-large is-resized\"><img decoding=\"async\" src=\"https:\/\/liigh.unam.mx\/cvanhout\/wp-content\/uploads\/2024\/08\/pixelcut-export-1024x768.jpeg\" alt=\"\" class=\"wp-image-366\" style=\"width:275px;height:auto\"\/><\/figure>\n<\/div>\n<\/div>\n","protected":false},"excerpt":{"rendered":"<p>Statistical Genomics and Population Health Laboratory Laboratorio de Gen\u00f3mica Estad\u00edstica y Salud Poblacional Find us at the International Laboratory For Human Genome Research Encu\u00e9ntranos en el Laboratorio Internacional de Investigaci\u00f3n sobre el Genoma Humano<\/p>\n","protected":false},"author":2,"featured_media":0,"parent":0,"menu_order":0,"comment_status":"closed","ping_status":"closed","template":"page-wide","meta":{"footnotes":""},"class_list":["post-61","page","type-page","status-publish","hentry"],"_links":{"self":[{"href":"https:\/\/liigh.unam.mx\/cvanhout\/index.php\/wp-json\/wp\/v2\/pages\/61","targetHints":{"allow":["GET"]}}],"collection":[{"href":"https:\/\/liigh.unam.mx\/cvanhout\/index.php\/wp-json\/wp\/v2\/pages"}],"about":[{"href":"https:\/\/liigh.unam.mx\/cvanhout\/index.php\/wp-json\/wp\/v2\/types\/page"}],"author":[{"embeddable":true,"href":"https:\/\/liigh.unam.mx\/cvanhout\/index.php\/wp-json\/wp\/v2\/users\/2"}],"replies":[{"embeddable":true,"href":"https:\/\/liigh.unam.mx\/cvanhout\/index.php\/wp-json\/wp\/v2\/comments?post=61"}],"version-history":[{"count":49,"href":"https:\/\/liigh.unam.mx\/cvanhout\/index.php\/wp-json\/wp\/v2\/pages\/61\/revisions"}],"predecessor-version":[{"id":455,"href":"https:\/\/liigh.unam.mx\/cvanhout\/index.php\/wp-json\/wp\/v2\/pages\/61\/revisions\/455"}],"wp:attachment":[{"href":"https:\/\/liigh.unam.mx\/cvanhout\/index.php\/wp-json\/wp\/v2\/media?parent=61"}],"curies":[{"name":"wp","href":"https:\/\/api.w.org\/{rel}","templated":true}]}}