{"id":58,"date":"2021-03-01T21:57:02","date_gmt":"2021-03-01T21:57:02","guid":{"rendered":"http:\/\/liigh.unam.mx\/cvanhout\/?page_id=58"},"modified":"2024-09-05T20:10:43","modified_gmt":"2024-09-06T02:10:43","slug":"contact","status":"publish","type":"page","link":"https:\/\/liigh.unam.mx\/cvanhout\/index.php\/contact\/","title":{"rendered":"Contact"},"content":{"rendered":"<\/p>\n<p><span style=\"font-family: 'times new roman', times, serif; font-size: 12pt;\">Principal Investigator: Cristopher V. Van Hout, PhD<\/span><\/p>\n<p><span style=\"font-family: 'times new roman', times, serif; font-size: 12pt;\"><\/p>\n<p><\/span><\/p>\n<p><span style=\"font-family: 'times new roman', times, serif; font-size: 12pt;\">Email: <a href=\"mailto:Cvanhout@liigh.unam.mx\" target=\"_blank\" rel=\"noreferrer noopener\">Cvanhout@liigh.unam.mx<\/a><\/span><\/p>\n<p><span style=\"font-family: 'times new roman', times, serif; font-size: 12pt;\"><\/p>\n<p><\/span><\/p>\n<p><span style=\"font-family: 'times new roman', times, serif; font-size: 12pt;\"><a href=\"https:\/\/twitter.com\/CrisVanHout\">@crisvanhout<\/a> <a href=\"https:\/\/fediscience.org\/@crisvanhout\">@crisvanhout@fediscience.org<\/a><\/span><\/p>\n<pre><span style=\"font-family: 'times new roman', times, serif; font-size: 12pt;\">Laboratorio Internacional de Investigaci\u00f3n sobre el Genoma Humano, <span class=\"mw-page-title-main\">Universidad Nacional Aut\u00f3noma de M\u00e9xico<\/span><\/span><br \/><span style=\"font-family: 'times new roman', times, serif; font-size: 12pt;\">International Laboratory for Human Genome Research, National Autonomous University of Mexico<\/span><br \/><span style=\"font-size: 12pt; font-family: 'times new roman', times, serif;\">UNAM Campus Juriquilla, Boulevard Juriquilla 3001, Juriquilla C.P. 76230, Santiago de Quer\u00e9tero, Qro., Mexico<\/span><\/pre>\n<p><span style=\"font-size: 14pt;\"><a href=\"https:\/\/www.google.com\/maps\/place\/Laboratorio+Internacional+de+Investigaci%C3%B3n+sobre+el+Genoma+Humano+(LIIGH)+UNAM\/@20.700352,-100.4495198,17z\/data=!3m1!4b1!4m6!3m5!1s0x85d3575d8f1f952f:0xde7120fbed54624f!8m2!3d20.700352!4d-100.4473258!16s%2Fg%2F11bw7hy_pn\" target=\"_blank\" rel=\"noopener\">Google Maps (new tab)<\/a><\/span><\/p>\n<p><img loading=\"lazy\" decoding=\"async\" class=\"alignnone wp-image-285 size-full\" src=\"https:\/\/liigh.unam.mx\/cvanhout\/wp-content\/uploads\/2023\/03\/Screen-Shot-2023-03-24-at-10.40.12-a.m..png\" alt=\"\" width=\"805\" height=\"307\" srcset=\"https:\/\/liigh.unam.mx\/cvanhout\/wp-content\/uploads\/2023\/03\/Screen-Shot-2023-03-24-at-10.40.12-a.m..png 805w, https:\/\/liigh.unam.mx\/cvanhout\/wp-content\/uploads\/2023\/03\/Screen-Shot-2023-03-24-at-10.40.12-a.m.-300x114.png 300w, https:\/\/liigh.unam.mx\/cvanhout\/wp-content\/uploads\/2023\/03\/Screen-Shot-2023-03-24-at-10.40.12-a.m.-768x293.png 768w\" sizes=\"(max-width: 805px) 100vw, 805px\" \/><\/p>\n<p><iframe src=\"https:\/\/www.google.com\/maps\/embed?pb=!1m14!1m8!1m3!1d14928.958495627387!2d-100.4470506!3d20.7004919!3m2!1i1024!2i768!4f13.1!3m3!1m2!1s0x85d3575d8f1f952f%3A0xde7120fbed54624f!2sLaboratorio%20Internacional%20de%20Investigaci%C3%B3n%20sobre%20el%20Genoma%20Humano%20(LIIGH)%20UNAM!5e0!3m2!1sen!2smx!4v1725588546408!5m2!1sen!2smx\" width=\"600\" height=\"450\" style=\"border:0;\" allowfullscreen=\"\" loading=\"lazy\" referrerpolicy=\"no-referrer-when-downgrade\"><\/iframe><\/p>\n","protected":false},"excerpt":{"rendered":"<p>Principal Investigator: Cristopher V. Van Hout, PhD Email: Cvanhout@liigh.unam.mx @crisvanhout @crisvanhout@fediscience.org Laboratorio Internacional de Investigaci\u00f3n sobre el Genoma Humano, Universidad Nacional Aut\u00f3noma de M\u00e9xicoInternational Laboratory for Human Genome Research, National Autonomous University of MexicoUNAM Campus Juriquilla, Boulevard Juriquilla 3001, Juriquilla C.P. 76230, Santiago de Quer\u00e9tero, Qro., Mexico Google Maps (new tab)<\/p>\n","protected":false},"author":2,"featured_media":0,"parent":0,"menu_order":0,"comment_status":"closed","ping_status":"open","template":"","meta":{"footnotes":""},"class_list":["post-58","page","type-page","status-publish","hentry"],"_links":{"self":[{"href":"https:\/\/liigh.unam.mx\/cvanhout\/index.php\/wp-json\/wp\/v2\/pages\/58","targetHints":{"allow":["GET"]}}],"collection":[{"href":"https:\/\/liigh.unam.mx\/cvanhout\/index.php\/wp-json\/wp\/v2\/pages"}],"about":[{"href":"https:\/\/liigh.unam.mx\/cvanhout\/index.php\/wp-json\/wp\/v2\/types\/page"}],"author":[{"embeddable":true,"href":"https:\/\/liigh.unam.mx\/cvanhout\/index.php\/wp-json\/wp\/v2\/users\/2"}],"replies":[{"embeddable":true,"href":"https:\/\/liigh.unam.mx\/cvanhout\/index.php\/wp-json\/wp\/v2\/comments?post=58"}],"version-history":[{"count":18,"href":"https:\/\/liigh.unam.mx\/cvanhout\/index.php\/wp-json\/wp\/v2\/pages\/58\/revisions"}],"predecessor-version":[{"id":513,"href":"https:\/\/liigh.unam.mx\/cvanhout\/index.php\/wp-json\/wp\/v2\/pages\/58\/revisions\/513"}],"wp:attachment":[{"href":"https:\/\/liigh.unam.mx\/cvanhout\/index.php\/wp-json\/wp\/v2\/media?parent=58"}],"curies":[{"name":"wp","href":"https:\/\/api.w.org\/{rel}","templated":true}]}}