{"id":548,"date":"2024-09-12T12:05:39","date_gmt":"2024-09-12T18:05:39","guid":{"rendered":"https:\/\/liigh.unam.mx\/cvanhout\/?page_id=548"},"modified":"2025-06-04T10:23:48","modified_gmt":"2025-06-04T16:23:48","slug":"people","status":"publish","type":"page","link":"https:\/\/liigh.unam.mx\/cvanhout\/index.php\/people\/","title":{"rendered":"People | Equipo"},"content":{"rendered":"\n<div class=\"wp-block-group alignfull has-base-background-color has-background has-global-padding is-layout-constrained wp-container-core-group-is-layout-601b1119 wp-block-group-is-layout-constrained\" style=\"margin-top:0;margin-bottom:0;padding-top:0;padding-right:var(--wp--preset--spacing--50);padding-bottom:var(--wp--preset--spacing--50);padding-left:var(--wp--preset--spacing--50)\">\n<div class=\"wp-block-columns is-layout-flex wp-container-core-columns-is-layout-28f84493 wp-block-columns-is-layout-flex\">\n<div class=\"wp-block-column is-layout-flow wp-block-column-is-layout-flow\">\n<h2 class=\"wp-block-heading has-text-align-center has-system-sans-serif-font-family has-medium-font-size\"><strong>Cristopher V. Van Hout, PhD<\/strong><\/h2>\n\n\n\n<p class=\"has-text-align-center has-small-font-size\" style=\"margin-top:0;margin-bottom:0\">Principal Investigator | Investigador Principal <\/p>\n\n\n\n<hr class=\"wp-block-separator aligncenter has-alpha-channel-opacity is-style-default\" style=\"margin-top:11px;margin-bottom:11px\"\/>\n\n\n\n<p class=\"has-small-font-size\" style=\"margin-top:0;margin-bottom:0\">Cris trained at the University of Michigan, graduating with a M.A. in statistics and Ph.D. in Human Genetics,&nbsp;and a thesis focused on the population genomics of the Old Order Amish of Pennsylvania. He took a postdoctoral position at Cornell University with research topics in applied statistical genetics in human and non-model organisms. Over the years, he has worked in industry with over a decade of experience in small biotech and large pharmaceutical companies with projects spanning molecular diagnostics to pre-clinical trial translational and analytical genetics. At the LIIGH, lab projects include two research areas. First, projects that leverage next generation sequencing to characterize and model the consequences of founder and isolate populations on genetic epidemiology. Second, projects that develop and apply statistical and bioinformatic tools to leverage large population studies to better characterize the impact of variation in genes associated with common and rare disease.<\/p>\n<\/div>\n\n\n\n<div class=\"wp-block-column is-layout-flow wp-block-column-is-layout-flow\">\n<figure class=\"wp-block-image aligncenter size-full is-resized\"><img loading=\"lazy\" decoding=\"async\" width=\"1000\" height=\"1000\" src=\"https:\/\/liigh.unam.mx\/cvanhout\/wp-content\/uploads\/2024\/09\/Cris_image.jpg\" alt=\"\" class=\"wp-image-559\" style=\"width:352px;height:auto\" srcset=\"https:\/\/liigh.unam.mx\/cvanhout\/wp-content\/uploads\/2024\/09\/Cris_image.jpg 1000w, https:\/\/liigh.unam.mx\/cvanhout\/wp-content\/uploads\/2024\/09\/Cris_image-300x300.jpg 300w, https:\/\/liigh.unam.mx\/cvanhout\/wp-content\/uploads\/2024\/09\/Cris_image-150x150.jpg 150w, https:\/\/liigh.unam.mx\/cvanhout\/wp-content\/uploads\/2024\/09\/Cris_image-768x768.jpg 768w\" sizes=\"(max-width: 1000px) 100vw, 1000px\" \/><\/figure>\n<\/div>\n<\/div>\n\n\n\n<div class=\"wp-block-columns alignwide is-layout-flex wp-container-core-columns-is-layout-549b0c86 wp-block-columns-is-layout-flex\">\n<div class=\"wp-block-column is-layout-flow wp-block-column-is-layout-flow\">\n<figure class=\"wp-block-image aligncenter size-large is-resized\"><img loading=\"lazy\" decoding=\"async\" width=\"636\" height=\"674\" src=\"https:\/\/liigh.unam.mx\/cvanhout\/wp-content\/uploads\/2024\/09\/WhatsApp-Image-2024-09-12-at-11.30.26-AM-e1726162300522-edited.jpeg\" alt=\"\" class=\"wp-image-551\" style=\"width:352px\" srcset=\"https:\/\/liigh.unam.mx\/cvanhout\/wp-content\/uploads\/2024\/09\/WhatsApp-Image-2024-09-12-at-11.30.26-AM-e1726162300522-edited.jpeg 636w, https:\/\/liigh.unam.mx\/cvanhout\/wp-content\/uploads\/2024\/09\/WhatsApp-Image-2024-09-12-at-11.30.26-AM-e1726162300522-edited-283x300.jpeg 283w\" sizes=\"(max-width: 636px) 100vw, 636px\" \/><\/figure>\n<\/div>\n\n\n\n<div class=\"wp-block-column is-layout-flow wp-block-column-is-layout-flow\" style=\"padding-left:0px\">\n<h2 class=\"wp-block-heading has-text-align-center has-system-sans-serif-font-family has-medium-font-size\"><strong>Leonardo Hern\u00e1ndez Delgado<\/strong><\/h2>\n\n\n\n<p class=\"has-text-align-center has-small-font-size\" style=\"margin-top:0;margin-bottom:0\">Undergraduate student | Estudiante de licenciatura <\/p>\n\n\n\n<hr class=\"wp-block-separator aligncenter has-alpha-channel-opacity is-style-default\" style=\"margin-top:11px;margin-bottom:11px\"\/>\n\n\n\n<p class=\"has-small-font-size\" style=\"margin-top:0;margin-bottom:0\">With a background in Neurosciences, Leonardo has applied machine learning and statistical analysis to epidemiological research of cerebrovascular diseases in the Mexican population, pinpointing at the most relevant risk factors for this group of diseases. During this time at the lab, he has also conducted Genetic epidemiology research on an African sub-saharan group for Keloids research, expanding the knowledge for potential therapeutics for this condition. On his free time he enjoys outdoor activities and arts.<\/p>\n<\/div>\n<\/div>\n<\/div>\n\n\n\n<p class=\"has-text-align-center\"><strong>Alumni<\/strong><\/p>\n\n\n\n<ul class=\"wp-block-list\">\n<li>Jair Rivera (undergraduate) &#8211; Ciencias Gen\u00f3micas &#8211; LIIGH UNAM Queretaro<\/li>\n\n\n\n<li>Marti\u0301n Vela\u0301zquez Zatara\u00edn (undergraduate) &#8211; Ingenieria Fisica, UAQ Queretaro<\/li>\n\n\n\n<li>Diego Dominguez Arce (undergraduate) &#8211; Biotecnolog\u00eda, UAQ Queretaro<\/li>\n\n\n\n<li>Priscila Duarte (visiting master student) &#8211; Universidad de Costa Rica &#8211; Master in Molecular Biology<\/li>\n\n\n\n<li>Lorena Gutierrez Aguilar (undergraduate) &#8211; Biotecnolog\u00eda, Arkansas State University, M\u00e9xico &#8211; currently project manager at P&amp;G<\/li>\n\n\n\n<li>X\u00f3chiltl D\u00edaz (undergraduate) &#8211; Ciencias Gen\u00f3micas, LIIGH UNAM Queretaro &#8211; currently in a PhD program at QIMR Australia<\/li>\n\n\n\n<li>Miguel Navarro (undergraduate) &#8211; Ciencias Gen\u00f3micas, CCG UNAM Cuernavaca<\/li>\n<\/ul>\n","protected":false},"excerpt":{"rendered":"<p>Cristopher V. Van Hout, PhD Principal Investigator | Investigador Principal Cris trained at the University of Michigan, graduating with a M.A. in statistics and Ph.D. in Human Genetics,&nbsp;and a thesis focused on the population genomics of the Old Order Amish of Pennsylvania. He took a postdoctoral position at Cornell University with research topics in applied [&hellip;]<\/p>\n","protected":false},"author":3,"featured_media":0,"parent":0,"menu_order":0,"comment_status":"closed","ping_status":"closed","template":"","meta":{"footnotes":""},"class_list":["post-548","page","type-page","status-publish","hentry"],"_links":{"self":[{"href":"https:\/\/liigh.unam.mx\/cvanhout\/index.php\/wp-json\/wp\/v2\/pages\/548","targetHints":{"allow":["GET"]}}],"collection":[{"href":"https:\/\/liigh.unam.mx\/cvanhout\/index.php\/wp-json\/wp\/v2\/pages"}],"about":[{"href":"https:\/\/liigh.unam.mx\/cvanhout\/index.php\/wp-json\/wp\/v2\/types\/page"}],"author":[{"embeddable":true,"href":"https:\/\/liigh.unam.mx\/cvanhout\/index.php\/wp-json\/wp\/v2\/users\/3"}],"replies":[{"embeddable":true,"href":"https:\/\/liigh.unam.mx\/cvanhout\/index.php\/wp-json\/wp\/v2\/comments?post=548"}],"version-history":[{"count":20,"href":"https:\/\/liigh.unam.mx\/cvanhout\/index.php\/wp-json\/wp\/v2\/pages\/548\/revisions"}],"predecessor-version":[{"id":662,"href":"https:\/\/liigh.unam.mx\/cvanhout\/index.php\/wp-json\/wp\/v2\/pages\/548\/revisions\/662"}],"wp:attachment":[{"href":"https:\/\/liigh.unam.mx\/cvanhout\/index.php\/wp-json\/wp\/v2\/media?parent=548"}],"curies":[{"name":"wp","href":"https:\/\/api.w.org\/{rel}","templated":true}]}}