{"id":477,"date":"2024-09-05T13:19:10","date_gmt":"2024-09-05T19:19:10","guid":{"rendered":"https:\/\/liigh.unam.mx\/cvanhout\/?page_id=477"},"modified":"2024-10-01T12:30:32","modified_gmt":"2024-10-01T18:30:32","slug":"research-2","status":"publish","type":"page","link":"https:\/\/liigh.unam.mx\/cvanhout\/index.php\/research-2\/","title":{"rendered":"Research | Investigaci\u00f3n"},"content":{"rendered":"\n<div class=\"wp-block-group has-base-background-color has-background has-global-padding is-layout-constrained wp-container-core-group-is-layout-29d66569 wp-block-group-is-layout-constrained\" style=\"margin-top:0;margin-bottom:0;padding-top:0;padding-right:0;padding-bottom:0;padding-left:0\">\n<h2 class=\"wp-block-heading has-large-font-size\"><strong>Genetics and Epidemiology &#8211; Mexico City Prospective Study<\/strong><\/h2>\n\n\n\n<div class=\"wp-block-columns is-layout-flex wp-container-core-columns-is-layout-28f84493 wp-block-columns-is-layout-flex\">\n<div class=\"wp-block-column is-layout-flow wp-block-column-is-layout-flow\" style=\"flex-basis:100%\">\n<h2 class=\"wp-block-heading has-large-font-size\" id=\"tw-target-text\"><strong>Gen\u00e9tica y Epidemiolog\u00eda &#8211; Estudio Prospectivo de la Ciudad de M\u00e9xico<\/strong><\/h2>\n<\/div>\n<\/div>\n\n\n\n<p class=\"has-text-align-left has-medium-font-size\" style=\"margin-top:0;margin-right:0;margin-bottom:0;margin-left:0\">MCPS is the largest collection of exomes, phenotypes and metabolomics data in Latin America, including nearly 160,000 participants. Our group has several active projects studying genetic and non-genetic risk factors for the leading causes of mortality in Mexico. If you are interested in learning to use one of the largest human genetics datasets in the world, please contact us. Read more about the resource <a href=\"https:\/\/www.ctsu.ox.ac.uk\/research\/prospective-blood-based-study-of-150-000-individuals-in-mexico\" data-type=\"link\" data-id=\"https:\/\/www.ctsu.ox.ac.uk\/research\/prospective-blood-based-study-of-150-000-individuals-in-mexico\">here<\/a>.<\/p>\n\n\n\n<hr class=\"wp-block-separator has-alpha-channel-opacity\"\/>\n\n\n\n<div class=\"wp-block-columns alignwide is-layout-flex wp-container-core-columns-is-layout-549b0c86 wp-block-columns-is-layout-flex\">\n<div class=\"wp-block-column is-layout-flow wp-block-column-is-layout-flow\">\n<h2 class=\"wp-block-heading has-heading-font-family has-large-font-size\"><strong>UK BioBank Research<\/strong><\/h2>\n\n\n\n<h2 class=\"wp-block-heading has-large-font-size\" style=\"padding-top:0px;padding-right:0;padding-bottom:0px;padding-left:0\"><strong>Investigaci\u00f3n con el Biobanco de Reino Unido<\/strong><\/h2>\n\n\n\n<p>UK Biobank phenotypes and genomic data are publicly available to researchers with research plans who request access. UK Biobank currently contains exome sequence, genotype chip and imputed genome sequence for 500,000 individuals, as well as electronic health records, questionnaire data, and a number of standardized biometric and biochemical measures.<\/p>\n<\/div>\n\n\n\n<div class=\"wp-block-column is-layout-flow wp-block-column-is-layout-flow\">\n<figure class=\"wp-block-image size-large is-resized\"><a href=\"https:\/\/www.nature.com\/articles\/s41586-020-2853-0\"><img loading=\"lazy\" decoding=\"async\" width=\"1024\" height=\"737\" src=\"https:\/\/liigh.unam.mx\/cvanhout\/wp-content\/uploads\/2024\/09\/CVAN-lab-9-e1726594391107-1024x737.png\" alt=\"\" class=\"wp-image-583\" style=\"width:555px;height:auto\" srcset=\"https:\/\/liigh.unam.mx\/cvanhout\/wp-content\/uploads\/2024\/09\/CVAN-lab-9-e1726594391107-1024x737.png 1024w, https:\/\/liigh.unam.mx\/cvanhout\/wp-content\/uploads\/2024\/09\/CVAN-lab-9-e1726594391107-300x216.png 300w, https:\/\/liigh.unam.mx\/cvanhout\/wp-content\/uploads\/2024\/09\/CVAN-lab-9-e1726594391107-768x552.png 768w, https:\/\/liigh.unam.mx\/cvanhout\/wp-content\/uploads\/2024\/09\/CVAN-lab-9-e1726594391107.png 1286w\" sizes=\"(max-width: 1024px) 100vw, 1024px\" \/><\/a><\/figure>\n<\/div>\n<\/div>\n\n\n\n<hr class=\"wp-block-separator aligncenter has-alpha-channel-opacity is-style-default\"\/>\n\n\n\n<div class=\"wp-block-columns is-layout-flex wp-container-core-columns-is-layout-28f84493 wp-block-columns-is-layout-flex\">\n<div class=\"wp-block-column is-layout-flow wp-block-column-is-layout-flow\">\n<figure class=\"wp-block-image size-large\"><a href=\"https:\/\/www.science.org\/doi\/10.1126\/science.abe0348?url_ver=Z39.88-2003&amp;rfr_id=ori:rid:crossref.org&amp;rfr_dat=cr_pub%20%200pubmed#sec-1\"><img loading=\"lazy\" decoding=\"async\" width=\"815\" height=\"1024\" src=\"https:\/\/liigh.unam.mx\/cvanhout\/wp-content\/uploads\/2024\/09\/cvan_ldl_GWAS-815x1024.jpg\" alt=\"\" class=\"wp-image-584\" srcset=\"https:\/\/liigh.unam.mx\/cvanhout\/wp-content\/uploads\/2024\/09\/cvan_ldl_GWAS-815x1024.jpg 815w, https:\/\/liigh.unam.mx\/cvanhout\/wp-content\/uploads\/2024\/09\/cvan_ldl_GWAS-239x300.jpg 239w, https:\/\/liigh.unam.mx\/cvanhout\/wp-content\/uploads\/2024\/09\/cvan_ldl_GWAS-768x965.jpg 768w, https:\/\/liigh.unam.mx\/cvanhout\/wp-content\/uploads\/2024\/09\/cvan_ldl_GWAS-1223x1536.jpg 1223w, https:\/\/liigh.unam.mx\/cvanhout\/wp-content\/uploads\/2024\/09\/cvan_ldl_GWAS-1630x2048.jpg 1630w, https:\/\/liigh.unam.mx\/cvanhout\/wp-content\/uploads\/2024\/09\/cvan_ldl_GWAS-scaled.jpg 2038w\" sizes=\"(max-width: 815px) 100vw, 815px\" \/><\/a><\/figure>\n<\/div>\n\n\n\n<div class=\"wp-block-column is-layout-flow wp-block-column-is-layout-flow\">\n<h2 class=\"wp-block-heading has-heading-font-family has-large-font-size\">S<strong>tatistical and population genetics of founder and isolate populations<\/strong><\/h2>\n\n\n\n<h2 class=\"wp-block-heading has-heading-font-family has-large-font-size\"><strong>Gen\u00e9tica Poblacional y Estad\u00edstica sobre las poblaciones fundadoras y aisladas<\/strong><\/h2>\n\n\n\n<p>Over the last 15 years, Dr. Van Hout\u2019s interests in human genetics have included statistical genomics approaches to understand disease etiology and demography in founder and isolate populations, in particular the Old Order Amish. Academic and industry\/academic collaborations have resulted in novel gene discovery for risk factors of cardiovascular disease (CVD)<sup>5<\/sup>, epidemiologically relevant risk factors for CVD<sup>6<\/sup>, and population genomics aspects of special populations, including the Old Order Amish<sup>7<\/sup>&nbsp;and indigenous American populations<sup>8,9<\/sup>.<\/p>\n<\/div>\n<\/div>\n\n\n\n<p><br><strong>References<\/strong><\/p>\n\n\n\n<p>1. Gusarova V, O\u2019Dushlaine C, Teslovich TM, Benotti PN, Mirshahi T, Gottesman O,&nbsp;<strong>Van Hout CV<\/strong>, et al., Genetic inactivation of ANGPTL4 improves glucose homeostasis and is associated with reduced risk of diabetes. Nature Communications. 2018 June 13. PMID: 29899519<\/p>\n\n\n\n<p>2. Dewey FE, Murray MF, Overton JD, Habegger L, Leader JB, Fetterolf SN, O\u2019Dushlaine C,&nbsp;<strong>Van Hout CV<\/strong>, et al,. Distribution and clinical impact of functional variants in 50,726 whole-exome sequences from the DiscovEHR study. Science. 2016 Dec 23;354(6319). PMID: 28008009<\/p>\n\n\n\n<p>3. Dewey FE, Gusarova V, O\u2019Dushlaine C, Gottesman O, Trejos J, Hunt C,&nbsp;<strong>Van Hout CV<\/strong>, et al. Inactivating Variants in ANGPTL4 and Risk of Coronary Artery Disease. New England Journal of Medicine<em>.<\/em>&nbsp;2016 Mar 24;374(12):1123-33. PMID: 26933753<\/p>\n\n\n\n<p>4.&nbsp;<strong>Van Hout CV<\/strong>, et al., Exome sequencing in 50,000 participants in the UK Biobank. Nature. 2020 Oct;586(7831):749-756. PMID:&nbsp;<strong>33087929&nbsp;<a href=\"https:\/\/connect.h1.co\/article\/738873292\" target=\"_blank\" rel=\"noreferrer noopener\">F1000Prime recommended paper<\/a><\/strong><\/p>\n\n\n\n<p>5. Montasser M*,&nbsp;<strong>Van Hout CV*<\/strong>, et al., A missense variant in&nbsp;<em>B4GALT1<\/em>&nbsp;reduces low-density lipoprotein cholesterol and fibrinogen. Science. 2021 Dec 3;374(6572):1221-1227. PMID: 34855475<\/p>\n\n\n\n<p>6. Montasser ME, Douglas JA, Roy-Gagnon MH,&nbsp;<strong>Van Hout CV,<\/strong>&nbsp;et al., Distribution and Determinants of Salt Sensitivity in a Relatively Healthy Adult Population. Journal of Clinical Hypertension<em>.<\/em>&nbsp;2011, Nov;13(11):795-800. PMID: 22051423<\/p>\n\n\n\n<p>7.<strong>&nbsp;Van Hout CV<\/strong>*, Levin AM*, Rampersaud E, Shen H, O\u2019Connell J, Mitchell BD, Shuldiner AR, Douglas JA. Extent and Distribution of Linkage Disequilibrium in the Old Order Amish. Genetic Epidemiology<em>.<\/em>&nbsp;2010, Feb;34(2):146-150. PMID: 19697356<\/p>\n\n\n\n<p>8. Kim HI, Gosalia N, Ye B, Regeneron Genetics Center, K\u00f6ro\u011flu C, Hanson RL, Hsueh WC, Knowler WC, Baier LJ, Bogardus C, Shuldiner AR,&nbsp;<strong>Van Hout CV<\/strong>. Characterization of exome variants and their metabolic impact in 6,716 American Indians from Southwest US. American Journal of Human Genetics, 2020 July 7. PMID: 32640185<\/p>\n\n\n\n<p>9. Hanson RL,&nbsp;<strong>Van Hout CV<\/strong>, Hseuh WC, Shuldiner AR, Kobes S, Sinha M, Baier LJ, Regeneron Genetics Center, Knowler WC. Assessment of the Potential Role of Natural Selection in Type 2 Diabetes and Related Traits Across Human Continental Ancestry Groups: Comparison of Phenotypic with Genotypic Distance. Diabetologia, 2020 December 7. PMID: 32886191<\/p>\n<\/div>\n","protected":false},"excerpt":{"rendered":"<p>Genetics and Epidemiology &#8211; Mexico City Prospective Study Gen\u00e9tica y Epidemiolog\u00eda &#8211; Estudio Prospectivo de la Ciudad de M\u00e9xico MCPS is the largest collection of exomes, phenotypes and metabolomics data in Latin America, including nearly 160,000 participants. Our group has several active projects studying genetic and non-genetic risk factors for the leading causes of mortality [&hellip;]<\/p>\n","protected":false},"author":3,"featured_media":460,"parent":0,"menu_order":0,"comment_status":"closed","ping_status":"closed","template":"","meta":{"footnotes":""},"class_list":["post-477","page","type-page","status-publish","has-post-thumbnail","hentry"],"_links":{"self":[{"href":"https:\/\/liigh.unam.mx\/cvanhout\/index.php\/wp-json\/wp\/v2\/pages\/477","targetHints":{"allow":["GET"]}}],"collection":[{"href":"https:\/\/liigh.unam.mx\/cvanhout\/index.php\/wp-json\/wp\/v2\/pages"}],"about":[{"href":"https:\/\/liigh.unam.mx\/cvanhout\/index.php\/wp-json\/wp\/v2\/types\/page"}],"author":[{"embeddable":true,"href":"https:\/\/liigh.unam.mx\/cvanhout\/index.php\/wp-json\/wp\/v2\/users\/3"}],"replies":[{"embeddable":true,"href":"https:\/\/liigh.unam.mx\/cvanhout\/index.php\/wp-json\/wp\/v2\/comments?post=477"}],"version-history":[{"count":16,"href":"https:\/\/liigh.unam.mx\/cvanhout\/index.php\/wp-json\/wp\/v2\/pages\/477\/revisions"}],"predecessor-version":[{"id":656,"href":"https:\/\/liigh.unam.mx\/cvanhout\/index.php\/wp-json\/wp\/v2\/pages\/477\/revisions\/656"}],"wp:featuredmedia":[{"embeddable":true,"href":"https:\/\/liigh.unam.mx\/cvanhout\/index.php\/wp-json\/wp\/v2\/media\/460"}],"wp:attachment":[{"href":"https:\/\/liigh.unam.mx\/cvanhout\/index.php\/wp-json\/wp\/v2\/media?parent=477"}],"curies":[{"name":"wp","href":"https:\/\/api.w.org\/{rel}","templated":true}]}}