{"id":27,"date":"2018-11-07T07:13:15","date_gmt":"2018-11-07T07:13:15","guid":{"rendered":"http:\/\/liigh.unam.mx\/cgonzagaj\/index.php\/contact\/"},"modified":"2023-08-13T06:57:35","modified_gmt":"2023-08-13T06:57:35","slug":"events","status":"publish","type":"page","link":"https:\/\/liigh.unam.mx\/cgonzagaj\/index.php\/events\/","title":{"rendered":"Events | Eventos"},"content":{"rendered":"\n<hr class=\"wp-block-separator\"\/>\n\n\n\n<div class=\"wp-block-image\"><figure class=\"alignleft size-large is-resized\"><img loading=\"lazy\" decoding=\"async\" src=\"https:\/\/liigh.unam.mx\/cgonzagaj\/wp-content\/uploads\/2023\/08\/RDD-2023_Support-Pledge-Strapline-1080x1080_SPANISH-1024x1024.png\" alt=\"\" class=\"wp-image-539\" width=\"198\" height=\"198\" srcset=\"https:\/\/liigh.unam.mx\/cgonzagaj\/wp-content\/uploads\/2023\/08\/RDD-2023_Support-Pledge-Strapline-1080x1080_SPANISH-1024x1024.png 1024w, https:\/\/liigh.unam.mx\/cgonzagaj\/wp-content\/uploads\/2023\/08\/RDD-2023_Support-Pledge-Strapline-1080x1080_SPANISH-300x300.png 300w, https:\/\/liigh.unam.mx\/cgonzagaj\/wp-content\/uploads\/2023\/08\/RDD-2023_Support-Pledge-Strapline-1080x1080_SPANISH-150x150.png 150w, https:\/\/liigh.unam.mx\/cgonzagaj\/wp-content\/uploads\/2023\/08\/RDD-2023_Support-Pledge-Strapline-1080x1080_SPANISH-768x768.png 768w, https:\/\/liigh.unam.mx\/cgonzagaj\/wp-content\/uploads\/2023\/08\/RDD-2023_Support-Pledge-Strapline-1080x1080_SPANISH.png 1080w\" sizes=\"(max-width: 198px) 100vw, 198px\" \/><\/figure><\/div>\n\n\n\n<h2 class=\"contact_us_title wp-block-heading\">3er Simposio Internacional del D\u00eda de las Enfermedades Raras<\/h2>\n\n\n\n<p>El pasado 28 de febrero  de 2023 se conmemor\u00f3 el D\u00eda Mundial de las Enfermedades Raras, la Red Mexicana de Enfermedades Raras (ReMexER) y el Laboratorio Internacional de Investigaci\u00f3n sobre el Genoma Humano (LIIGH) de la UNAM se unieron a esta celebraci\u00f3n organizando el <strong>3er Simposio Internacional del D\u00eda de las Enfermedades Raras<\/strong> (#SIDERmx2023). Le\u00e9 m\u00e1s sobre el evento y ve el video completo <a href=\"https:\/\/enfermedadesraras.liigh.unam.mx\/?page_id=392\" target=\"_blank\" rel=\"noreferrer noopener\">aqu\u00ed<\/a>.<\/p>\n\n\n\n<p><\/p>\n\n\n\n<hr class=\"wp-block-separator\"\/>\n\n\n\n<div class=\"wp-block-image\"><figure class=\"alignleft size-large is-resized\"><img loading=\"lazy\" decoding=\"async\" src=\"https:\/\/liigh.unam.mx\/cgonzagaj\/wp-content\/uploads\/2022\/10\/2022_WilsonCenter_AwakeningRDsymposium-1024x1024.jpg\" alt=\"\" class=\"wp-image-517\" width=\"195\" height=\"154\"\/><\/figure><\/div>\n\n\n\n<h2 class=\"wp-block-heading\">The Awakening of Rare Diseases in Latin America Expert Panel<\/h2>\n\n\n\n<p>Last August 9th, 2022, Dr. Gonzaga-Jauregui participated in an expert panel discussion on &#8220;The Awakening of Rare Diseases in Latin America&#8221; organized by the Wilson Center Mexico Institute and the Americas Health Foundation (AHF). You can read an article summarizing the major points of the discussion <a href=\"https:\/\/www.wilsoncenter.org\/article\/normalizing-rarity-awakening-rare-diseases-latin-america\" target=\"_blank\" rel=\"noreferrer noopener\">here<\/a> and view the recording of the event <a rel=\"noreferrer noopener\" href=\"https:\/\/www.wilsoncenter.org\/event\/awakening-rare-diseases-latin-america\" target=\"_blank\">here<\/a>.<\/p>\n\n\n\n<p><\/p>\n\n\n\n<hr class=\"wp-block-separator\"\/>\n\n\n\n<div class=\"wp-block-image\"><figure class=\"alignleft size-large is-resized\"><img loading=\"lazy\" decoding=\"async\" src=\"https:\/\/liigh.unam.mx\/cgonzagaj\/wp-content\/uploads\/2022\/05\/JorisSeminar_thumbnail2-1024x584.png\" alt=\"\" class=\"wp-image-497\" width=\"231\" height=\"131\" srcset=\"https:\/\/liigh.unam.mx\/cgonzagaj\/wp-content\/uploads\/2022\/05\/JorisSeminar_thumbnail2-1024x584.png 1024w, https:\/\/liigh.unam.mx\/cgonzagaj\/wp-content\/uploads\/2022\/05\/JorisSeminar_thumbnail2-300x171.png 300w, https:\/\/liigh.unam.mx\/cgonzagaj\/wp-content\/uploads\/2022\/05\/JorisSeminar_thumbnail2-768x438.png 768w, https:\/\/liigh.unam.mx\/cgonzagaj\/wp-content\/uploads\/2022\/05\/JorisSeminar_thumbnail2-1536x876.png 1536w, https:\/\/liigh.unam.mx\/cgonzagaj\/wp-content\/uploads\/2022\/05\/JorisSeminar_thumbnail2.png 1548w\" sizes=\"(max-width: 231px) 100vw, 231px\" \/><\/figure><\/div>\n\n\n\n<h2 class=\"wp-block-heading\">Horizons in Genomics Seminar: Profr. Joris Veltman<\/h2>\n\n\n\n<p>The Mendelian Genomics &amp; Precision Health Laboratory hosted Profr. Joris Veltman from Newcastle University as an invited speaker in our LIIGH institutional seminar series Horizons in Genomics on May 2nd, 2022. The title of his talk was &#8220;A <em>de novo<\/em> paradigm for sporadic genetic disease&#8221;. You can watch the seminar in our YouTube channel <a rel=\"noreferrer noopener\" href=\"https:\/\/youtu.be\/VWOx0jRRGqA\" target=\"_blank\">here<\/a>.<\/p>\n\n\n\n<hr class=\"wp-block-separator\"\/>\n\n\n\n<div class=\"wp-block-image\"><figure class=\"alignleft size-large is-resized\"><img loading=\"lazy\" decoding=\"async\" src=\"https:\/\/liigh.unam.mx\/cgonzagaj\/wp-content\/uploads\/2022\/03\/RDD2022-1024x819.png\" alt=\"\" class=\"wp-image-483\" width=\"237\" height=\"190\" srcset=\"https:\/\/liigh.unam.mx\/cgonzagaj\/wp-content\/uploads\/2022\/03\/RDD2022-1024x819.png 1024w, https:\/\/liigh.unam.mx\/cgonzagaj\/wp-content\/uploads\/2022\/03\/RDD2022-300x240.png 300w, https:\/\/liigh.unam.mx\/cgonzagaj\/wp-content\/uploads\/2022\/03\/RDD2022-768x614.png 768w, https:\/\/liigh.unam.mx\/cgonzagaj\/wp-content\/uploads\/2022\/03\/RDD2022.png 1080w\" sizes=\"(max-width: 237px) 100vw, 237px\" \/><\/figure><\/div>\n\n\n\n<h2 class=\"contact_us_title wp-block-heading\">2do Simposio Internacional del D\u00eda de las Enfermedades Raras<\/h2>\n\n\n\n<p>El pasado 28 de febrero se conmemor\u00f3 el D\u00eda Mundial de las Enfermedades Raras, la Red Mexicana de Enfermedades Raras (ReMexER) y el Laboratorio Internacional de Investigaci\u00f3n sobre el Genoma Humano (LIIGH) de la UNAM se unieron a esta celebraci\u00f3n organizando el <strong>2do Simposio Internacional del D\u00eda de las Enfermedades Raras<\/strong> (#SIDERmx2022). Le\u00e9 m\u00e1s sobre el evento y ve el video completo <a rel=\"noreferrer noopener\" href=\"https:\/\/enfermedadesraras.liigh.unam.mx\/?page_id=224\" target=\"_blank\">aqu\u00ed<\/a>.<\/p>\n\n\n\n<hr class=\"wp-block-separator\"\/>\n\n\n\n<div class=\"wp-block-image\"><figure class=\"alignleft size-large is-resized\"><img loading=\"lazy\" decoding=\"async\" src=\"https:\/\/liigh.unam.mx\/cgonzagaj\/wp-content\/uploads\/2021\/08\/ClanGenomics.png\" alt=\"\" class=\"wp-image-429\" width=\"225\" height=\"213\"\/><\/figure><\/div>\n\n\n\n<h2 class=\"wp-block-heading\">Horizons in Genomics Seminar: Profr. James R. Lupski<\/h2>\n\n\n\n<p>The Mendelian Genomics &amp; Precision Health Laboratory hosted Profr. Jim Lupski from Baylor College of Medicine as an invited speaker in our LIIGH institutional seminar series Horizons in Genomics on August 30, 2021. The title of his talk was &#8220;Biology in balance: human diploid genome integrity, gene dosage &amp; genomic medicine&#8221;. You can now see the recording of the seminar in the YouTube link <a rel=\"noreferrer noopener\" href=\"https:\/\/www.youtube.com\/watch?v=7bg0MjjhoRU\" target=\"_blank\">here<\/a>.<\/p>\n\n\n\n<hr class=\"wp-block-separator\"\/>\n\n\n\n<div class=\"wp-block-image\"><figure class=\"alignleft size-large is-resized\"><img loading=\"lazy\" decoding=\"async\" src=\"https:\/\/liigh.unam.mx\/cgonzagaj\/wp-content\/uploads\/2021\/02\/RareDiseaseDay_BannerSp2.png\" alt=\"\" class=\"wp-image-270\" width=\"238\" height=\"191\" srcset=\"https:\/\/liigh.unam.mx\/cgonzagaj\/wp-content\/uploads\/2021\/02\/RareDiseaseDay_BannerSp2.png 720w, https:\/\/liigh.unam.mx\/cgonzagaj\/wp-content\/uploads\/2021\/02\/RareDiseaseDay_BannerSp2-300x241.png 300w\" sizes=\"(max-width: 238px) 100vw, 238px\" \/><\/figure><\/div>\n\n\n\n<div class=\"wp-block-group\"><div class=\"wp-block-group__inner-container is-layout-flow wp-block-group-is-layout-flow\">\n<h2 class=\"contact_us_title wp-block-heading\">1er Simposio Internacional del D\u00eda de las Enfermedades Raras<\/h2>\n\n\n\n<p>El viernes 26 de febrero de 2021 el Laboratorio Internacional de Investigaci\u00f3n sobre el Genoma Humano (LIIGH) de la Universidad Nacional Aut\u00f3noma de M\u00e9xico (UNAM) y la Red Mexicana de Enfermedades Raras (ReMexER) se unieron a la conmemoraci\u00f3n del D\u00eda de las Enfermedades Raras organizando el <strong>1er Simposio Internacional del D\u00eda de las Enfermedades Raras<\/strong> (#SIDERmx21) que se llev\u00f3 a cabo de forma virtual y gratuita. L\u00e9e m\u00e1s <a href=\"https:\/\/liigh.unam.mx\/cgonzagaj\/index.php\/events\/sidermx21\">aqu\u00ed<\/a>.<\/p>\n<\/div><\/div>\n\n\n\n<div class=\"wp-block-group is-layout-flow wp-block-group-is-layout-flow\"><div class=\"wp-block-group__inner-container\"><\/div><\/div>\n\n\n\n<hr class=\"wp-block-separator\"\/>\n\n\n\n<div class=\"wp-block-group\"><div class=\"wp-block-group__inner-container is-layout-flow wp-block-group-is-layout-flow\">\n<p><\/p>\n<\/div><\/div>\n\n\n\n<p><\/p>\n","protected":false},"excerpt":{"rendered":"<p>3er Simposio Internacional del D\u00eda de las Enfermedades Raras El pasado 28 de febrero de 2023 se conmemor\u00f3 el D\u00eda Mundial de las Enfermedades Raras, la Red Mexicana de Enfermedades Raras (ReMexER) y el Laboratorio Internacional de Investigaci\u00f3n sobre el Genoma Humano (LIIGH) de la UNAM se unieron a esta celebraci\u00f3n organizando el 3er Simposio &hellip;<\/p>\n","protected":false},"author":1,"featured_media":396,"parent":0,"menu_order":0,"comment_status":"closed","ping_status":"closed","template":"","meta":{"footnotes":""},"_links":{"self":[{"href":"https:\/\/liigh.unam.mx\/cgonzagaj\/index.php\/wp-json\/wp\/v2\/pages\/27"}],"collection":[{"href":"https:\/\/liigh.unam.mx\/cgonzagaj\/index.php\/wp-json\/wp\/v2\/pages"}],"about":[{"href":"https:\/\/liigh.unam.mx\/cgonzagaj\/index.php\/wp-json\/wp\/v2\/types\/page"}],"author":[{"embeddable":true,"href":"https:\/\/liigh.unam.mx\/cgonzagaj\/index.php\/wp-json\/wp\/v2\/users\/1"}],"replies":[{"embeddable":true,"href":"https:\/\/liigh.unam.mx\/cgonzagaj\/index.php\/wp-json\/wp\/v2\/comments?post=27"}],"version-history":[{"count":25,"href":"https:\/\/liigh.unam.mx\/cgonzagaj\/index.php\/wp-json\/wp\/v2\/pages\/27\/revisions"}],"predecessor-version":[{"id":540,"href":"https:\/\/liigh.unam.mx\/cgonzagaj\/index.php\/wp-json\/wp\/v2\/pages\/27\/revisions\/540"}],"wp:featuredmedia":[{"embeddable":true,"href":"https:\/\/liigh.unam.mx\/cgonzagaj\/index.php\/wp-json\/wp\/v2\/media\/396"}],"wp:attachment":[{"href":"https:\/\/liigh.unam.mx\/cgonzagaj\/index.php\/wp-json\/wp\/v2\/media?parent=27"}],"curies":[{"name":"wp","href":"https:\/\/api.w.org\/{rel}","templated":true}]}}