{"id":187,"date":"2021-02-09T19:07:32","date_gmt":"2021-02-09T19:07:32","guid":{"rendered":"http:\/\/liigh.unam.mx\/cgonzagaj\/?page_id=187"},"modified":"2022-02-15T22:59:31","modified_gmt":"2022-02-15T22:59:31","slug":"home","status":"publish","type":"page","link":"https:\/\/liigh.unam.mx\/cgonzagaj\/","title":{"rendered":""},"content":{"rendered":"\n<h2 class=\"wp-block-heading\"><strong>MENDELIAN GENOMICS &amp; PRECISION HEALTH LABORATORY<\/strong><\/h2>\n\n\n\n<p>The <strong>Mendelian Genomics &amp; Precision Health Laboratory <\/strong>at the International Laboratory for Human Genome Research (Laboratorio Internacional de Investigaci\u00f3n sobre el Genoma Humano, <a href=\"https:\/\/liigh.unam.mx\/\" target=\"_blank\" rel=\"noreferrer noopener\">LIIGH<\/a>) of the National Autonomous University of Mexico (UNAM) aims to study the molecular causes of human genetic and genomic disorders to understand their mechanisms and pathophysiology. Additionally, we study the frequency and effects of disease associated alleles in the Mexican and Latin American populations to better understand the burden of genetic disease that may allow the implementation of more equitable precision health.<\/p>\n\n\n\n<hr class=\"wp-block-separator has-text-color has-background is-style-wide\" style=\"background-color:#301342;color:#301342\"\/>\n\n\n\n<h2 class=\"wp-block-heading\"><strong>LABORATORIO DE GEN\u00d3MICA MENDELIANA Y SALUD DE PRECISI\u00d3N<\/strong><\/h2>\n\n\n\n<p>El <strong>Laboratorio de Gen\u00f3mica Mendeliana y Salud de Precisi\u00f3n <\/strong>ubicado en el <a href=\"https:\/\/liigh.unam.mx\/\" target=\"_blank\" rel=\"noreferrer noopener\">Laboratorio Internacional de Investigaci\u00f3n sobre el Genoma Humano<\/a> (LIIGH) de la Universidad Nacional Aut\u00f3noma de M\u00e9xico (UNAM) se enfoca en el estudio de las causas moleculares de des\u00f3rdenes gen\u00e9ticos y gen\u00f3micos a fin de entender los mecanismos y causas de \u00e9stos. Adem\u00e1s estudiamos la frecuencia y efectos de alelos asociados a enfermedades presentes en la poblaci\u00f3n mexicana para comprender mejor la carga de enfermedades gen\u00e9ticas en nuestra poblaci\u00f3n y facilitar la implementaci\u00f3n de la salud de precisi\u00f3n en nuestro pa\u00eds y latinoam\u00e9rica.<\/p>\n\n\n\n<div class=\"wp-block-image\"><figure class=\"alignleft size-large is-resized\"><a href=\"https:\/\/liigh.unam.mx\/cgonzagaj\/index.php\/projects\/\"><img loading=\"lazy\" decoding=\"async\" src=\"https:\/\/liigh.unam.mx\/cgonzagaj\/wp-content\/uploads\/2021\/02\/8.-RDD-ICON_NAVY_SEARCH-1-1024x1024.png\" alt=\"\" class=\"wp-image-293\" width=\"253\" height=\"253\" srcset=\"https:\/\/liigh.unam.mx\/cgonzagaj\/wp-content\/uploads\/2021\/02\/8.-RDD-ICON_NAVY_SEARCH-1-1024x1024.png 1024w, https:\/\/liigh.unam.mx\/cgonzagaj\/wp-content\/uploads\/2021\/02\/8.-RDD-ICON_NAVY_SEARCH-1-300x300.png 300w, https:\/\/liigh.unam.mx\/cgonzagaj\/wp-content\/uploads\/2021\/02\/8.-RDD-ICON_NAVY_SEARCH-1-150x150.png 150w, https:\/\/liigh.unam.mx\/cgonzagaj\/wp-content\/uploads\/2021\/02\/8.-RDD-ICON_NAVY_SEARCH-1-768x768.png 768w, https:\/\/liigh.unam.mx\/cgonzagaj\/wp-content\/uploads\/2021\/02\/8.-RDD-ICON_NAVY_SEARCH-1-1536x1536.png 1536w, https:\/\/liigh.unam.mx\/cgonzagaj\/wp-content\/uploads\/2021\/02\/8.-RDD-ICON_NAVY_SEARCH-1-2048x2048.png 2048w\" sizes=\"(max-width: 253px) 100vw, 253px\" \/><\/a><figcaption><strong>OUR RESEARCH<\/strong> |<br><strong>NUESTROS PROYECTOS<\/strong><\/figcaption><\/figure><\/div>\n\n\n\n<div class=\"wp-block-image\"><figure class=\"alignleft size-large is-resized\"><a href=\"https:\/\/liigh.unam.mx\/cgonzagaj\/index.php\/members\/\"><img loading=\"lazy\" decoding=\"async\" src=\"https:\/\/liigh.unam.mx\/cgonzagaj\/wp-content\/uploads\/2021\/02\/8.-RDD-ICON_NAVY_CHEER-1024x1024.png\" alt=\"\" class=\"wp-image-290\" width=\"251\" height=\"251\" srcset=\"https:\/\/liigh.unam.mx\/cgonzagaj\/wp-content\/uploads\/2021\/02\/8.-RDD-ICON_NAVY_CHEER-1024x1024.png 1024w, https:\/\/liigh.unam.mx\/cgonzagaj\/wp-content\/uploads\/2021\/02\/8.-RDD-ICON_NAVY_CHEER-300x300.png 300w, https:\/\/liigh.unam.mx\/cgonzagaj\/wp-content\/uploads\/2021\/02\/8.-RDD-ICON_NAVY_CHEER-150x150.png 150w, https:\/\/liigh.unam.mx\/cgonzagaj\/wp-content\/uploads\/2021\/02\/8.-RDD-ICON_NAVY_CHEER-768x768.png 768w, https:\/\/liigh.unam.mx\/cgonzagaj\/wp-content\/uploads\/2021\/02\/8.-RDD-ICON_NAVY_CHEER-1536x1536.png 1536w, https:\/\/liigh.unam.mx\/cgonzagaj\/wp-content\/uploads\/2021\/02\/8.-RDD-ICON_NAVY_CHEER-2048x2048.png 2048w\" sizes=\"(max-width: 251px) 100vw, 251px\" \/><\/a><figcaption><strong>OUR TEAM<\/strong> <strong>|<\/strong><br><strong>NUESTRO EQUIPO<\/strong><br><\/figcaption><\/figure><\/div>\n\n\n\n<div class=\"wp-block-image\"><figure class=\"alignleft size-large is-resized\"><a href=\"https:\/\/liigh.unam.mx\/cgonzagaj\/index.php\/news\/\"><img loading=\"lazy\" decoding=\"async\" src=\"https:\/\/liigh.unam.mx\/cgonzagaj\/wp-content\/uploads\/2021\/02\/8.-RDD-ICON_NAVY_NEWS-1024x1024.png\" alt=\"\" class=\"wp-image-291\" width=\"251\" height=\"251\" srcset=\"https:\/\/liigh.unam.mx\/cgonzagaj\/wp-content\/uploads\/2021\/02\/8.-RDD-ICON_NAVY_NEWS-1024x1024.png 1024w, https:\/\/liigh.unam.mx\/cgonzagaj\/wp-content\/uploads\/2021\/02\/8.-RDD-ICON_NAVY_NEWS-300x300.png 300w, https:\/\/liigh.unam.mx\/cgonzagaj\/wp-content\/uploads\/2021\/02\/8.-RDD-ICON_NAVY_NEWS-150x150.png 150w, https:\/\/liigh.unam.mx\/cgonzagaj\/wp-content\/uploads\/2021\/02\/8.-RDD-ICON_NAVY_NEWS-768x768.png 768w, https:\/\/liigh.unam.mx\/cgonzagaj\/wp-content\/uploads\/2021\/02\/8.-RDD-ICON_NAVY_NEWS-1536x1536.png 1536w, https:\/\/liigh.unam.mx\/cgonzagaj\/wp-content\/uploads\/2021\/02\/8.-RDD-ICON_NAVY_NEWS-2048x2048.png 2048w\" sizes=\"(max-width: 251px) 100vw, 251px\" \/><\/a><figcaption><strong>NEWS &amp; HIGHLIGHTS |<\/strong><br><strong><strong>NOTICIAS<\/strong><\/strong><\/figcaption><\/figure><\/div>\n\n\n\n<div class=\"wp-block-image\"><figure class=\"alignleft size-large is-resized\"><a href=\"https:\/\/liigh.unam.mx\/cgonzagaj\/index.php\/events\/\"><img loading=\"lazy\" decoding=\"async\" src=\"https:\/\/liigh.unam.mx\/cgonzagaj\/wp-content\/uploads\/2021\/02\/8.-RDD-ICON_NAVY_CALENDAR-1024x1024.png\" alt=\"\" class=\"wp-image-298\" width=\"251\" height=\"251\" srcset=\"https:\/\/liigh.unam.mx\/cgonzagaj\/wp-content\/uploads\/2021\/02\/8.-RDD-ICON_NAVY_CALENDAR-1024x1024.png 1024w, https:\/\/liigh.unam.mx\/cgonzagaj\/wp-content\/uploads\/2021\/02\/8.-RDD-ICON_NAVY_CALENDAR-300x300.png 300w, https:\/\/liigh.unam.mx\/cgonzagaj\/wp-content\/uploads\/2021\/02\/8.-RDD-ICON_NAVY_CALENDAR-150x150.png 150w, https:\/\/liigh.unam.mx\/cgonzagaj\/wp-content\/uploads\/2021\/02\/8.-RDD-ICON_NAVY_CALENDAR-768x768.png 768w, https:\/\/liigh.unam.mx\/cgonzagaj\/wp-content\/uploads\/2021\/02\/8.-RDD-ICON_NAVY_CALENDAR-1536x1536.png 1536w, https:\/\/liigh.unam.mx\/cgonzagaj\/wp-content\/uploads\/2021\/02\/8.-RDD-ICON_NAVY_CALENDAR-2048x2048.png 2048w\" sizes=\"(max-width: 251px) 100vw, 251px\" \/><\/a><figcaption><strong>EVENTS |<br>EVENTOS<\/strong><\/figcaption><\/figure><\/div>\n\n\n\n<p><\/p>\n","protected":false},"excerpt":{"rendered":"<p>MENDELIAN GENOMICS &amp; PRECISION HEALTH LABORATORY The Mendelian Genomics &amp; Precision Health Laboratory at the International Laboratory for Human Genome Research (Laboratorio Internacional de Investigaci\u00f3n sobre el Genoma Humano, LIIGH) of the National Autonomous University of Mexico (UNAM) aims to study the molecular causes of human genetic and genomic disorders to understand their mechanisms and &hellip;<\/p>\n","protected":false},"author":1,"featured_media":393,"parent":0,"menu_order":0,"comment_status":"closed","ping_status":"closed","template":"","meta":{"footnotes":""},"_links":{"self":[{"href":"https:\/\/liigh.unam.mx\/cgonzagaj\/index.php\/wp-json\/wp\/v2\/pages\/187"}],"collection":[{"href":"https:\/\/liigh.unam.mx\/cgonzagaj\/index.php\/wp-json\/wp\/v2\/pages"}],"about":[{"href":"https:\/\/liigh.unam.mx\/cgonzagaj\/index.php\/wp-json\/wp\/v2\/types\/page"}],"author":[{"embeddable":true,"href":"https:\/\/liigh.unam.mx\/cgonzagaj\/index.php\/wp-json\/wp\/v2\/users\/1"}],"replies":[{"embeddable":true,"href":"https:\/\/liigh.unam.mx\/cgonzagaj\/index.php\/wp-json\/wp\/v2\/comments?post=187"}],"version-history":[{"count":14,"href":"https:\/\/liigh.unam.mx\/cgonzagaj\/index.php\/wp-json\/wp\/v2\/pages\/187\/revisions"}],"predecessor-version":[{"id":470,"href":"https:\/\/liigh.unam.mx\/cgonzagaj\/index.php\/wp-json\/wp\/v2\/pages\/187\/revisions\/470"}],"wp:featuredmedia":[{"embeddable":true,"href":"https:\/\/liigh.unam.mx\/cgonzagaj\/index.php\/wp-json\/wp\/v2\/media\/393"}],"wp:attachment":[{"href":"https:\/\/liigh.unam.mx\/cgonzagaj\/index.php\/wp-json\/wp\/v2\/media?parent=187"}],"curies":[{"name":"wp","href":"https:\/\/api.w.org\/{rel}","templated":true}]}}